{"id":34177,"date":"2024-08-16T16:08:56","date_gmt":"2024-08-16T14:08:56","guid":{"rendered":"https:\/\/www.nexteam-group.com\/thegroup\/sustainable-development\/"},"modified":"2024-10-25T16:31:47","modified_gmt":"2024-10-25T14:31:47","slug":"sustainable-development","status":"publish","type":"page","link":"https:\/\/www.nexteam-group.com\/en\/thegroup\/sustainable-development\/","title":{"rendered":"Sustainable development"},"content":{"rendered":"<div class=\"wpb-content-wrapper\">[vc_row fullwidth=&#8221;true&#8221; fullwidth_content=&#8221;false&#8221; parallax=&#8221;content-moving&#8221; parallax_image=&#8221;398&#8243; animation=&#8221;fade-in&#8221; css=&#8221;.vc_custom_1524229233980{padding-top: 500px !important;background-color: #000000 !important;}&#8221; el_class=&#8221;top-page&#8221;][vc_column css=&#8221;.vc_custom_1729850300276{background-color: #ffffff !important;}&#8221;][vc_column_text disable_pattern=&#8221;false&#8221; el_class=&#8221;top-page-wrapper-blanc&#8221; css=&#8221;.vc_custom_1716816260321{padding-top: 100px !important;padding-right: 16.66666667% !important;padding-left: 16.66666667% !important;background-color: #ffffff !important;}&#8221;]\n<h2>NEXTEAM is committed<\/h2>\n<p><img loading=\"lazy\" decoding=\"async\" class=\"wp-image-30847 aligncenter\" src=\"https:\/\/www.nexteam-group.com\/wp-content\/uploads\/2024\/05\/picto.png\" alt=\"\" width=\"922\" height=\"519\" srcset=\"https:\/\/www.nexteam-group.com\/wp-content\/uploads\/2024\/05\/picto.png 1920w, https:\/\/www.nexteam-group.com\/wp-content\/uploads\/2024\/05\/picto-300x169.png 300w, https:\/\/www.nexteam-group.com\/wp-content\/uploads\/2024\/05\/picto-1024x576.png 1024w, https:\/\/www.nexteam-group.com\/wp-content\/uploads\/2024\/05\/picto-768x432.png 768w, https:\/\/www.nexteam-group.com\/wp-content\/uploads\/2024\/05\/picto-600x337.png 600w\" sizes=\"auto, (max-width: 922px) 100vw, 922px\" \/><\/p>\n<p>Nexteam defines its major challenges in terms of the following objectives:<\/p>\n<ul>\n<li>Comply with environmental regulations &amp; other requirements linked to the Group&#8217;s activities<\/li>\n<li>Contribute to the reduction of CO2 emissions<\/li>\n<li>Strengthen the commitment of our employees and contribute to improving their skills<\/li>\n<li>Develop CSR ethics and culture within the company<\/li>\n<\/ul>\n<p>&nbsp;<\/p>\n<p><a href=\"https:\/\/www.nexteam-group.com\/wp-content\/uploads\/2024\/05\/NEXTEAM-Rapport-RSE-2023_.pdf\"><img loading=\"lazy\" decoding=\"async\" class=\"aligncenter wp-image-30843\" src=\"https:\/\/www.nexteam-group.com\/wp-content\/uploads\/2024\/05\/rapport_rse_clic-1024x385.png\" alt=\"\" width=\"450\" height=\"169\" srcset=\"https:\/\/www.nexteam-group.com\/wp-content\/uploads\/2024\/05\/rapport_rse_clic-1024x385.png 1024w, https:\/\/www.nexteam-group.com\/wp-content\/uploads\/2024\/05\/rapport_rse_clic-300x113.png 300w, https:\/\/www.nexteam-group.com\/wp-content\/uploads\/2024\/05\/rapport_rse_clic-768x289.png 768w, https:\/\/www.nexteam-group.com\/wp-content\/uploads\/2024\/05\/rapport_rse_clic-600x225.png 600w, https:\/\/www.nexteam-group.com\/wp-content\/uploads\/2024\/05\/rapport_rse_clic.png 1908w\" sizes=\"auto, (max-width: 450px) 100vw, 450px\" \/><\/a><\/p>\n<h6 style=\"text-align: center;\">Through all its actions, Nexteam is recognized as a company in transition by the community.<br \/>\n<a href=\"https:\/\/www.bpifrance.fr\/communaute-du-coq-vert\"><img loading=\"lazy\" decoding=\"async\" class=\"wp-image-20010 aligncenter\" src=\"https:\/\/www.nexteam-group.com\/wp-content\/uploads\/2023\/05\/logo-le-coq-vert-300x83.png\" alt=\"\" width=\"221\" height=\"61\" srcset=\"https:\/\/www.nexteam-group.com\/wp-content\/uploads\/2023\/05\/logo-le-coq-vert-300x83.png 300w, https:\/\/www.nexteam-group.com\/wp-content\/uploads\/2023\/05\/logo-le-coq-vert-1024x284.png 1024w, https:\/\/www.nexteam-group.com\/wp-content\/uploads\/2023\/05\/logo-le-coq-vert-768x213.png 768w, https:\/\/www.nexteam-group.com\/wp-content\/uploads\/2023\/05\/logo-le-coq-vert-1536x425.png 1536w, https:\/\/www.nexteam-group.com\/wp-content\/uploads\/2023\/05\/logo-le-coq-vert-600x166.png 600w, https:\/\/www.nexteam-group.com\/wp-content\/uploads\/2023\/05\/logo-le-coq-vert.png 2000w\" sizes=\"auto, (max-width: 221px) 100vw, 221px\" \/><\/a><\/h6>\n<p>&nbsp;<\/p>\n<h2>President words<\/h2>\n<p>\u201cAs a manufacturer, we must act responsibly to promote our know-how and inspire future generations to become involved in the aerospace and defense industry\u201d.<\/p>\n<h5>Ludovic ASQUINI, Nexteam President<\/h5>\n[\/vc_column_text][\/vc_column][\/vc_row][vc_row css=&#8221;.vc_custom_1528229511319{margin-top: 40px !important;padding-right: 16.66666667% !important;padding-left: 16.66666667% !important;}&#8221; el_class=&#8221;accordeon-savoir-plus&#8221;][vc_column css=&#8221;.vc_custom_1729850320013{padding-top: 30px !important;padding-right: 0px !important;padding-left: 0px !important;}&#8221;][vc_tta_accordion shape=&#8221;square&#8221; color=&#8221;white&#8221; c_icon=&#8221;&#8221; active_section=&#8221;-1&#8243; collapsible_all=&#8221;true&#8221; el_class=&#8221;lire-suite&#8221;][vc_tta_section title=&#8221;Discover our action plan&#8221; tab_id=&#8221;1525179386594-d2f126eb-ac8e&#8221;][vc_column_text el_class=&#8221;top-page&#8221; css=&#8221;.vc_custom_1686830970289{margin-bottom: 0px !important;}&#8221;]\n<h2>The three pillars of our actions<\/h2>\n<h3 style=\"text-align: center;\"><img loading=\"lazy\" decoding=\"async\" class=\"alignleft wp-image-20680 size-medium\" src=\"https:\/\/www.nexteam-group.com\/wp-content\/uploads\/2023\/06\/visuel-environnement-300x169.png\" alt=\"\" width=\"300\" height=\"169\" srcset=\"https:\/\/www.nexteam-group.com\/wp-content\/uploads\/2023\/06\/visuel-environnement-300x169.png 300w, https:\/\/www.nexteam-group.com\/wp-content\/uploads\/2023\/06\/visuel-environnement-1024x576.png 1024w, https:\/\/www.nexteam-group.com\/wp-content\/uploads\/2023\/06\/visuel-environnement-768x432.png 768w, https:\/\/www.nexteam-group.com\/wp-content\/uploads\/2023\/06\/visuel-environnement-600x337.png 600w, https:\/\/www.nexteam-group.com\/wp-content\/uploads\/2023\/06\/visuel-environnement.png 1650w\" sizes=\"auto, (max-width: 300px) 100vw, 300px\" \/><\/h3>\n<ul>\n<li>Environmental focus<\/li>\n<li>Low-carbon transition and resource conservation<\/li>\n<li>Reduce our CO2 emissions<br \/>\nDeveloping our employees&#8217; environmental awareness<br \/>\nReduce and recycle our waste<\/li>\n<\/ul>\n<p>&nbsp;<\/p>\n<p>&nbsp;<\/p>\n<h3 style=\"text-align: center;\"><img loading=\"lazy\" decoding=\"async\" class=\"wp-image-20683 size-medium alignleft\" src=\"https:\/\/www.nexteam-group.com\/wp-content\/uploads\/2023\/06\/visuel-social-300x169.png\" alt=\"\" width=\"300\" height=\"169\" srcset=\"https:\/\/www.nexteam-group.com\/wp-content\/uploads\/2023\/06\/visuel-social-300x169.png 300w, https:\/\/www.nexteam-group.com\/wp-content\/uploads\/2023\/06\/visuel-social-1024x576.png 1024w, https:\/\/www.nexteam-group.com\/wp-content\/uploads\/2023\/06\/visuel-social-768x432.png 768w, https:\/\/www.nexteam-group.com\/wp-content\/uploads\/2023\/06\/visuel-social-600x337.png 600w, https:\/\/www.nexteam-group.com\/wp-content\/uploads\/2023\/06\/visuel-social.png 1650w\" sizes=\"auto, (max-width: 300px) 100vw, 300px\" \/><\/h3>\n<h4 style=\"text-align: left;\">Axe Social<\/h4>\n<p style=\"text-align: left;\"><strong><span class=\"WdYUQQ\">Bien \u00eatre des salari\u00e9s et d\u00e9veloppement des comp\u00e9tences<\/span><\/strong><\/p>\n<ul>\n<li>Consolider l&#8217;engagement de nos salari\u00e9s<\/li>\n<li>Am\u00e9liorer les comp\u00e9tences<\/li>\n<li>Favoriser l&#8217;\u00e9galit\u00e9 des chances et la diversit\u00e9<\/li>\n<\/ul>\n<p>&nbsp;<\/p>\n<p>&nbsp;<\/p>\n<h3 style=\"text-align: center;\"><img loading=\"lazy\" decoding=\"async\" class=\"wp-image-20687 size-medium alignleft\" src=\"https:\/\/www.nexteam-group.com\/wp-content\/uploads\/2023\/06\/visuel-gouvernance-300x169.png\" alt=\"\" width=\"300\" height=\"169\" srcset=\"https:\/\/www.nexteam-group.com\/wp-content\/uploads\/2023\/06\/visuel-gouvernance-300x169.png 300w, https:\/\/www.nexteam-group.com\/wp-content\/uploads\/2023\/06\/visuel-gouvernance-1024x576.png 1024w, https:\/\/www.nexteam-group.com\/wp-content\/uploads\/2023\/06\/visuel-gouvernance-768x432.png 768w, https:\/\/www.nexteam-group.com\/wp-content\/uploads\/2023\/06\/visuel-gouvernance-600x337.png 600w, https:\/\/www.nexteam-group.com\/wp-content\/uploads\/2023\/06\/visuel-gouvernance.png 1650w\" sizes=\"auto, (max-width: 300px) 100vw, 300px\" \/><\/h3>\n<h4 style=\"text-align: left;\">Axe Gouvernance<\/h4>\n<p style=\"text-align: left;\"><strong>E<span class=\"WdYUQQ\">thique et culture RSE au sein de l&#8217;entreprise<\/span><\/strong><\/p>\n<ul>\n<li>R\u00e9aliser des achats responsable<\/li>\n<li>Agir de fa\u00e7on \u00e9thique<\/li>\n<li>Int\u00e9grer la RSE au c\u0153ur de l&#8217;entreprise<\/li>\n<\/ul>\n[\/vc_column_text][\/vc_tta_section][\/vc_tta_accordion][vc_separator][\/vc_column][\/vc_row][vc_row fullwidth=&#8221;true&#8221; id=&#8221;implantations&#8221;][vc_column][vc_column_text disable_pattern=&#8221;false&#8221; align=&#8221;center&#8221; animation=&#8221;top-to-bottom&#8221; css=&#8221;.vc_custom_1712308130152{margin-bottom: 0px !important;}&#8221;]\n<h3>Our locations<\/h3>\n[\/vc_column_text][vc_column_text css=&#8221;.vc_custom_1722248432715{margin-bottom: 0px !important;}&#8221;]<style type=\"text\/css\" id=\"gmpMapStyles_2_27549\">\r\n\t#google_map_easy_2_27549 {\r\n        width: 100%;\r\n        height: 500px;\r\n\t\t\t\t\t\t    }\r\n\t#gmapControlsNum_2_27549 {\r\n\t\twidth:100%\t}\r\n\t.gmpMapDetailsContainer#gmpMapDetailsContainer_2_27549 {\r\n\t\theight:500px;\r\n\t}\r\n\t.gmp_MapPreview#google_map_easy_2_27549 {\r\n\t\t\/*position:absolute;*\/\r\n\t\twidth: 100%;\r\n\t}\r\n\t#mapConElem_2_27549{\r\n\t\twidth: 100%\t}\r\n    .gm-style .gm-style-iw-c{\r\n        padding: 12px!important;\r\n    }\r\n\t    <\/style>\r\n <div class=\"gmp_map_opts\" id=\"mapConElem_2_27549\" data-id=\"2\" data-view-id=\"2_27549\" > <div class=\"gmpMapDetailsContainer\" id=\"gmpMapDetailsContainer_2_27549\"> <i class=\"gmpKMLLayersPreloader fa fa-spinner fa-spin\" aria-hidden=\"true\" style=\"display: none;\"><\/i> <div class=\"gmp_MapPreview \" id=\"google_map_easy_2_27549\"><\/div> <\/div> <div class=\"gmpMapMarkerFilters\" id=\"gmpMapMarkerFilters_2_27549\"> <\/div> <div class=\"gmpMapProControlsCon\" id=\"gmpMapProControlsCon_2_27549\"> <a title=\"Google Maps Wordpress\" style=\"display:none;\" href=\"https:\/\/supsystic.com\/plugins\/google-maps-plugin\/?utm_medium=love_link_hide\" target=\"_blank\">Google Maps Wordpress<\/a><div style=\"clear: both;\"><\/div> <\/div> <div class=\"gmpMapProDirectionsCon\" id=\"gmpMapProDirectionsCon_2_27549\" > <\/div> <div class=\"gmpMapProKmlFilterCon\" id=\"gmpMapProKmlFilterCon_2_27549\" > <\/div> <div class=\"gmpSocialSharingShell gmpSocialSharingShell_2_27549\"> <\/div> <div style=\"clear: both;\"><\/div> <\/div> [\/vc_column_text][\/vc_column][\/vc_row]\n<\/div>","protected":false},"excerpt":{"rendered":"<p>[vc_row fullwidth=&#8221;true&#8221; fullwidth_content=&#8221;false&#8221; parallax=&#8221;content-moving&#8221; parallax_image=&#8221;398&#8243; animation=&#8221;fade-in&#8221; css=&#8221;.vc_custom_1524229233980{padding-top: 500px !important;background-color: #000000 !important;}&#8221; el_class=&#8221;top-page&#8221;][vc_column css=&#8221;.vc_custom_1729850300276{background-color: #ffffff !important;}&#8221;][vc_column_text disable_pattern=&#8221;false&#8221; el_class=&#8221;top-page-wrapper-blanc&#8221; css=&#8221;.vc_custom_1716816260321{padding-top: 100px !important;padding-right: 16.66666667% !important;padding-left: 16.66666667% !important;background-color: #ffffff !important;}&#8221;] NEXTEAM is committed Nexteam defines its major challenges in terms of the following objectives: Comply with environmental regulations &amp; other requirements linked to the Group&#8217;s activities Contribute to the [&hellip;]<\/p>\n","protected":false},"author":11,"featured_media":0,"parent":2428,"menu_order":3,"comment_status":"closed","ping_status":"closed","template":"","meta":{"_acf_changed":false,"footnotes":""},"class_list":["post-34177","page","type-page","status-publish","hentry"],"acf":[],"_links":{"self":[{"href":"https:\/\/www.nexteam-group.com\/en\/wp-json\/wp\/v2\/pages\/34177","targetHints":{"allow":["GET"]}}],"collection":[{"href":"https:\/\/www.nexteam-group.com\/en\/wp-json\/wp\/v2\/pages"}],"about":[{"href":"https:\/\/www.nexteam-group.com\/en\/wp-json\/wp\/v2\/types\/page"}],"author":[{"embeddable":true,"href":"https:\/\/www.nexteam-group.com\/en\/wp-json\/wp\/v2\/users\/11"}],"replies":[{"embeddable":true,"href":"https:\/\/www.nexteam-group.com\/en\/wp-json\/wp\/v2\/comments?post=34177"}],"version-history":[{"count":7,"href":"https:\/\/www.nexteam-group.com\/en\/wp-json\/wp\/v2\/pages\/34177\/revisions"}],"predecessor-version":[{"id":36299,"href":"https:\/\/www.nexteam-group.com\/en\/wp-json\/wp\/v2\/pages\/34177\/revisions\/36299"}],"up":[{"embeddable":true,"href":"https:\/\/www.nexteam-group.com\/en\/wp-json\/wp\/v2\/pages\/2428"}],"wp:attachment":[{"href":"https:\/\/www.nexteam-group.com\/en\/wp-json\/wp\/v2\/media?parent=34177"}],"curies":[{"name":"wp","href":"https:\/\/api.w.org\/{rel}","templated":true}]}}