{"id":2526,"date":"2018-05-01T15:22:52","date_gmt":"2018-05-01T13:22:52","guid":{"rendered":"http:\/\/www.nexteam-group.com\/dispositif-alerte\/"},"modified":"2024-10-25T16:50:56","modified_gmt":"2024-10-25T14:50:56","slug":"alarm-system","status":"publish","type":"page","link":"https:\/\/www.nexteam-group.com\/en\/alarm-system\/","title":{"rendered":"Alarm system"},"content":{"rendered":"<div class=\"wpb-content-wrapper\">[vc_row fullwidth=&#8221;true&#8221; fullwidth_content=&#8221;false&#8221; parallax=&#8221;content-moving&#8221; parallax_image=&#8221;463&#8243; animation=&#8221;fade-in&#8221; css=&#8221;.vc_custom_1524251852468{padding-top: 500px !important;background-color: #000000 !important;}&#8221; el_class=&#8221;top-page&#8221;][vc_column][vc_column_text disable_pattern=&#8221;false&#8221; el_class=&#8221;top-page-wrapper-blanc&#8221; css=&#8221;.vc_custom_1677069469335{padding-top: 100px !important;padding-right: 16.66666667% !important;padding-bottom: 40px !important;padding-left: 16.66666667% !important;background-color: #ffffff !important;}&#8221;]\n<h2>Warning system<\/h2>\n<p>Nexteam is committed to promoting internal dialogue. We therefore ask you to inform your line manager or the Human Resources department of the facts you wish to report in advance, unless this is impossible for you.<\/p>\n<p>This form enables you to report facts of which you have personal knowledge, in a well-founded and totally disinterested manner. The facts must be described precisely and in context.<\/p>\n<p>Nexteam undertakes to process the admissibility of the report within a reasonable period of time and will inform you of the various stages of this process*.<br \/>\nNexteam guarantees the confidentiality of the identity of the author of the report, the person concerned and the information gathered.<\/p>\n<p><em>* Anonymous alerts are not prohibited, but they will be treated differently: no acknowledgement of receipt or information on the processing of the alert will be issued.<\/em>[\/vc_column_text][\/vc_column][\/vc_row][vc_row animation=&#8221;fade-in&#8221; css=&#8221;.vc_custom_1535371720474{margin-bottom: 60px !important;padding-right: 16.66666667% !important;padding-left: 16.66666667% !important;}&#8221; el_class=&#8221;form-dispositif&#8221;][vc_column]\n<div class=\"wpcf7 no-js\" id=\"wpcf7-f916-o1\" lang=\"fr-FR\" dir=\"ltr\" data-wpcf7-id=\"916\">\n<div class=\"screen-reader-response\"><p role=\"status\" aria-live=\"polite\" aria-atomic=\"true\"><\/p> <ul><\/ul><\/div>\n<form action=\"\/en\/wp-json\/wp\/v2\/pages\/2526#wpcf7-f916-o1\" method=\"post\" class=\"wpcf7-form init\" aria-label=\"Formulaire de contact\" novalidate=\"novalidate\" data-status=\"init\">\n<fieldset class=\"hidden-fields-container\"><input type=\"hidden\" name=\"_wpcf7\" value=\"916\" \/><input type=\"hidden\" name=\"_wpcf7_version\" value=\"6.1.5\" \/><input type=\"hidden\" name=\"_wpcf7_locale\" value=\"fr_FR\" \/><input type=\"hidden\" name=\"_wpcf7_unit_tag\" value=\"wpcf7-f916-o1\" \/><input type=\"hidden\" name=\"_wpcf7_container_post\" value=\"0\" \/><input type=\"hidden\" name=\"_wpcf7_posted_data_hash\" value=\"\" \/><input type=\"hidden\" name=\"_wpcf7_recaptcha_response\" value=\"\" \/>\n<\/fieldset>\n<p><label>Site concern\u00e9 <span class=\"wpcf7-form-control-wrap\" data-name=\"site-concerne\"><select class=\"wpcf7-form-control wpcf7-select wpcf7-validates-as-required\" aria-required=\"true\" aria-invalid=\"false\" name=\"site-concerne\"><option value=\"Arudy Foundry\">Arudy Foundry<\/option><option value=\"Branesti Machining (Roumanie)\">Branesti Machining (Roumanie)<\/option><option value=\"Ch\u00e2tellerault Machining\">Ch\u00e2tellerault Machining<\/option><option value=\"Escout Machining\">Escout Machining<\/option><option value=\"Launaguet Machining\">Launaguet Machining<\/option><option value=\"Lublin Machining (Pologne)\">Lublin Machining (Pologne)<\/option><option value=\"Marmande Machining\">Marmande Machining<\/option><option value=\"Marmande Special Processes\">Marmande Special Processes<\/option><option value=\"M\u00e9rignac Machining\">M\u00e9rignac Machining<\/option><option value=\"M\u00e9rignac Sheet-Metal\">M\u00e9rignac Sheet-Metal<\/option><option value=\"Mohammedia Machining (Maroc)\">Mohammedia Machining (Maroc)<\/option><option value=\"Narcastet Sheet-Metal\">Narcastet Sheet-Metal<\/option><option value=\"Nexteam\">Nexteam<\/option><option value=\"Nexteam Services\">Nexteam Services<\/option><option value=\"Olemps Machining\">Olemps Machining<\/option><option value=\"Toulouse Foundry\">Toulouse Foundry<\/option><\/select><\/span><\/label>\n<\/p>\n<p><label>Date des faits <span class=\"wpcf7-form-control-wrap\" data-name=\"date-faits\"><input class=\"wpcf7-form-control wpcf7-date wpcf7-validates-as-date\" aria-invalid=\"false\" value=\"\" type=\"date\" name=\"date-faits\" \/><\/span><\/label>\n<\/p>\n<p><label>Fait(s) signal\u00e9(s) <span class=\"wpcf7-form-control-wrap\" data-name=\"faits-signales\"><select class=\"wpcf7-form-control wpcf7-select wpcf7-validates-as-required\" aria-required=\"true\" aria-invalid=\"false\" name=\"faits-signales\"><option value=\"\">&#8212;Veuillez choisir une option&#8212;<\/option><option value=\"Crime, d\u00e9lit, autre violation de la r\u00e9glementation fran\u00e7aise ou internationale\">Crime, d\u00e9lit, autre violation de la r\u00e9glementation fran\u00e7aise ou internationale<\/option><option value=\"Faits de corruption ou de trafic d&#039;influence\">Faits de corruption ou de trafic d&#039;influence<\/option><option value=\"Menace ou pr\u00e9judice grave pour l&#039;int\u00e9r\u00eat g\u00e9n\u00e9ral\">Menace ou pr\u00e9judice grave pour l&#039;int\u00e9r\u00eat g\u00e9n\u00e9ral<\/option><option value=\"Ev\u00e8nement susceptible d&#039;avoir un impact sur la s\u00e9curit\u00e9 a\u00e9rienne\">Ev\u00e8nement susceptible d&#039;avoir un impact sur la s\u00e9curit\u00e9 a\u00e9rienne<\/option><option value=\"Autre\">Autre<\/option><\/select><\/span><\/label>\n<\/p>\n<p><label><span class=\"wpcf7-form-control-wrap\" data-name=\"faits-precis\"><textarea cols=\"40\" rows=\"10\" maxlength=\"2000\" class=\"wpcf7-form-control wpcf7-textarea wpcf7-validates-as-required message\" aria-required=\"true\" aria-invalid=\"false\" placeholder=\"Fait(s) pr\u00e9ci(s) et contextualis\u00e9(s)\" name=\"faits-precis\"><\/textarea><\/span><\/label>\n<\/p>\n<p>Les informations recueillies sur l\u2019ensemble des formulaires que vous avez remplis pour NEXTEAM ou l\u2019une de ses filiales sont enregistr\u00e9es dans un fichier informatis\u00e9 par NEXTEAM et ses filiales pour le respect de leurs obligations l\u00e9gales et pour contacter les interlocuteurs potentiels. Les donn\u00e9es collect\u00e9es seront communiqu\u00e9es aux seuls destinataires suivants : le service concern\u00e9 par votre demande, les administrations publiques obligatoires.\n<\/p>\n<p>Dans le cas o\u00f9 la demande de contact n'aboutit pas \u00e0 une collaboration avec l'un de nos services, vos donn\u00e9es seront d\u00e9truites ou conserv\u00e9es pendant trois (3) ans maximum dans un serveur s\u00e9curis\u00e9 et accessible qu\u2019aux seuls membres des services cit\u00e9s pr\u00e9c\u00e9demment. Si votre demande de contact aboutit \u00e0 une collaboration avec l'un de nos services, vos donn\u00e9es sont conserv\u00e9es pendant la dur\u00e9e de la collaboration avec la soci\u00e9t\u00e9 et pendant cinq (5) ans apr\u00e8s la fin de la collaboration avec NEXTEAM ou l'une de ses filiales, sauf obligation l\u00e9gale plus longue.\n<\/p>\n<p>Pendant la dur\u00e9e de conservation de vos donn\u00e9es, NEXTEAM met en place tous moyens aptes \u00e0 assurer la confidentialit\u00e9 et la s\u00e9curit\u00e9 de vos donn\u00e9es personnelles, de mani\u00e8re \u00e0 emp\u00eacher leur endommagement, effacement ou acc\u00e8s \u00e0 des tiers non autoris\u00e9s. Vous pouvez acc\u00e9der aux donn\u00e9es vous concernant, les rectifier, demander leur effacement ou exercer votre droit \u00e0 la limitation du traitement de vos donn\u00e9es. Vous pouvez \u00e9galement vous opposer au traitement de vos donn\u00e9es dont la fourniture n\u2019est pas obligatoire. Vous pouvez \u00e9galement exercer votre droit \u00e0 la portabilit\u00e9 de vos donn\u00e9es. Consultez le site cnil.fr pour plus d\u2019informations sur vos droits.\n<\/p>\n<p>En transmettant votre demande de contact, vous certifiez avoir re\u00e7u l\u2019information relative au traitement de vos donn\u00e9es personnelles par NEXTEAM et vous consentez \u00e0 l\u2019utilisation de vos noms, pr\u00e9noms, fonctions, \u00e0 des fins de communication interne \u00e0 NEXTEAM (journal d\u2019entreprise, site internet, affichage ou le cas \u00e9ch\u00e9ant, r\u00e9seaux sociaux de NEXTEAM) et \u00e0 des fins de communication externe (m\u00e9dias). Pour exercer ces droits ou pour toute question sur le traitement de vos donn\u00e9es dans ce dispositif, vous pouvez contacter le r\u00e9f\u00e9rent RGPD : rgpd@nexteam-group.com, 34 avenue Condorcet 47200 MARMANDE, 05 53 20 95 95. Si vous estimez, apr\u00e8s nous avoir contact\u00e9s, que vos droits \u00ab Informatique et Libert\u00e9s \u00bb ne sont pas respect\u00e9s, vous pouvez adresser une r\u00e9clamation \u00e0 la CNIL.\n<\/p>\n<p><span class=\"wpcf7-form-control-wrap\" data-name=\"Traitementdesdonnees\"><span class=\"wpcf7-form-control wpcf7-checkbox wpcf7-validates-as-required\"><span class=\"wpcf7-list-item first\"><span class=\"wpcf7-list-item-label\">Je certifie avoir re\u00e7u l\u2019information relative au traitement de mes donn\u00e9es personnelles par NEXTEAM.<\/span><input type=\"checkbox\" name=\"Traitementdesdonnees[]\" value=\"Je certifie avoir re\u00e7u l\u2019information relative au traitement de mes donn\u00e9es personnelles par NEXTEAM.\" \/><\/span><span class=\"wpcf7-list-item last\"><span class=\"wpcf7-list-item-label\">Je consens, en cas de collaboration, \u00e0 l\u2019utilisation de mes noms, pr\u00e9noms, fonctions \u00e0 des fins de communication interne \u00e0 NEXTEAM (journal d\u2019entreprise, site internet, affichage ou le cas \u00e9ch\u00e9ant, r\u00e9seaux sociaux de NEXTEAM) et \u00e0 des fins de communication externe (m\u00e9dias).<\/span><input type=\"checkbox\" name=\"Traitementdesdonnees[]\" value=\"Je consens, en cas de collaboration, \u00e0 l\u2019utilisation de mes noms, pr\u00e9noms, fonctions \u00e0 des fins de communication interne \u00e0 NEXTEAM (journal d\u2019entreprise, site internet, affichage ou le cas \u00e9ch\u00e9ant, r\u00e9seaux sociaux de NEXTEAM) et \u00e0 des fins de communication externe (m\u00e9dias).\" \/><\/span><\/span><\/span>\n<\/p>\n<p><input class=\"wpcf7-form-control wpcf7-submit has-spinner\" type=\"submit\" value=\"Envoyer\" \/>\n<\/p><input type='hidden' class='wpcf7-pum' value='{\"closepopup\":false,\"closedelay\":0,\"openpopup\":false,\"openpopup_id\":0}' \/><div class=\"wpcf7-response-output\" aria-hidden=\"true\"><\/div>\n<\/form>\n<\/div>\n[\/vc_column][\/vc_row]\n<\/div>","protected":false},"excerpt":{"rendered":"<p>[vc_row fullwidth=&#8221;true&#8221; fullwidth_content=&#8221;false&#8221; parallax=&#8221;content-moving&#8221; parallax_image=&#8221;463&#8243; animation=&#8221;fade-in&#8221; css=&#8221;.vc_custom_1524251852468{padding-top: 500px !important;background-color: #000000 !important;}&#8221; el_class=&#8221;top-page&#8221;][vc_column][vc_column_text disable_pattern=&#8221;false&#8221; el_class=&#8221;top-page-wrapper-blanc&#8221; css=&#8221;.vc_custom_1677069469335{padding-top: 100px !important;padding-right: 16.66666667% !important;padding-bottom: 40px !important;padding-left: 16.66666667% !important;background-color: #ffffff !important;}&#8221;] Warning system Nexteam is committed to promoting internal dialogue. We therefore ask you to inform your line manager or the Human Resources department of the facts you wish to report [&hellip;]<\/p>\n","protected":false},"author":1,"featured_media":0,"parent":0,"menu_order":10,"comment_status":"closed","ping_status":"closed","template":"","meta":{"_acf_changed":false,"footnotes":""},"class_list":["post-2526","page","type-page","status-publish","hentry"],"acf":[],"_links":{"self":[{"href":"https:\/\/www.nexteam-group.com\/en\/wp-json\/wp\/v2\/pages\/2526","targetHints":{"allow":["GET"]}}],"collection":[{"href":"https:\/\/www.nexteam-group.com\/en\/wp-json\/wp\/v2\/pages"}],"about":[{"href":"https:\/\/www.nexteam-group.com\/en\/wp-json\/wp\/v2\/types\/page"}],"author":[{"embeddable":true,"href":"https:\/\/www.nexteam-group.com\/en\/wp-json\/wp\/v2\/users\/1"}],"replies":[{"embeddable":true,"href":"https:\/\/www.nexteam-group.com\/en\/wp-json\/wp\/v2\/comments?post=2526"}],"version-history":[{"count":6,"href":"https:\/\/www.nexteam-group.com\/en\/wp-json\/wp\/v2\/pages\/2526\/revisions"}],"predecessor-version":[{"id":36328,"href":"https:\/\/www.nexteam-group.com\/en\/wp-json\/wp\/v2\/pages\/2526\/revisions\/36328"}],"wp:attachment":[{"href":"https:\/\/www.nexteam-group.com\/en\/wp-json\/wp\/v2\/media?parent=2526"}],"curies":[{"name":"wp","href":"https:\/\/api.w.org\/{rel}","templated":true}]}}