{"id":2493,"date":"2018-04-11T13:04:26","date_gmt":"2018-04-11T11:04:26","guid":{"rendered":"http:\/\/www.nexteam-group.com\/implantations\/"},"modified":"2018-07-10T10:59:38","modified_gmt":"2018-07-10T08:59:38","slug":"establishments","status":"publish","type":"page","link":"https:\/\/www.nexteam-group.com\/en\/establishments\/","title":{"rendered":"Establishments"},"content":{"rendered":"<div class=\"wpb-content-wrapper\">[vc_row fullwidth=&#8221;true&#8221; fullwidth_content=&#8221;false&#8221; parallax=&#8221;content-moving&#8221; parallax_image=&#8221;519&#8243; animation=&#8221;fade-in&#8221; css=&#8221;.vc_custom_1525791860762{padding-top: 500px !important;background-color: #000000 !important;}&#8221; el_class=&#8221;top-page temoignages&#8221;][vc_column][vc_column_text disable_pattern=&#8221;false&#8221; el_class=&#8221;top-page-wrapper-blanc implantation-orange&#8221; css=&#8221;.vc_custom_1527168217020{padding-top: 100px !important;padding-right: 16.66666667% !important;padding-left: 16.66666667% !important;background-color: #ffffff !important;}&#8221;]\n<h2>\u00c0 propos<\/h2>\n[\/vc_column_text][vc_single_image image=&#8221;532&#8243; img_size=&#8221;full&#8221; alignment=&#8221;center&#8221; css_animation=&#8221;bottom-to-top&#8221; css=&#8221;.vc_custom_1525792103170{margin-bottom: 0px !important;padding-right: 16.66666667% !important;padding-left: 16.66666667% !important;background-color: #ffffff !important;}&#8221;][\/vc_column][\/vc_row][vc_row][vc_column][vc_column_text disable_pattern=&#8221;false&#8221; css=&#8221;.vc_custom_1526562222285{margin-bottom: 0px !important;padding-top: 40px !important;padding-right: 16.66666667% !important;padding-left: 16.66666667% !important;background-color: #ffffff !important;}&#8221;]Depuis son lancement en 1962, GENTILIN s&#8217;est sp\u00e9cialis\u00e9 et a grandi autour des m\u00e9taux durs et plus sp\u00e9cialement autour du Titanium, un mat\u00e9riau noble, l\u00e9ger et r\u00e9sistant qui a une pr\u00e9sence non n\u00e9gligeable dans les nouveaux programmes. Nous avons \u00e9largi notre business ensuite en ajoutant des compl\u00e9mentarit\u00e9s : les services, l&#8217;ing\u00e9nierie technique et le MRO agr\u00e9es PART 145 (EASA-FAA).<\/p>\n<p>En tant que partenaire de l&#8217;industrie de l&#8217;a\u00e9ronautique et de l&#8217;espace, GENTILIN a adapt\u00e9 ses installations de production aux rapides \u00e9volutions de ce secteur tr\u00e8s demand\u00e9, et ce depuis sa cr\u00e9ation. Gr\u00e2ce \u00e0 son emplacement au centre de Toulouse, son \u00e9quipe est r\u00e9active, efficace, et orient\u00e9e vers le service local.[\/vc_column_text][\/vc_column][\/vc_row][vc_row fullwidth=&#8221;true&#8221; fullwidth_content=&#8221;false&#8221; parallax=&#8221;content-moving&#8221; parallax_image=&#8221;552&#8243; css=&#8221;.vc_custom_1524321720702{margin-top: 80px !important;padding-top: 60px !important;padding-bottom: 60px !important;background-color: #ee7a03 !important;}&#8221; el_class=&#8221;chiffres-cles chiffres-implantations&#8221;][vc_column][vc_column_text css=&#8221;.vc_custom_1524308944678{margin-bottom: 20px !important;}&#8221;]\n<h3>Chiffres cl\u00e9s<\/h3>\n[\/vc_column_text][\/vc_column][vc_column width=&#8221;1\/4&#8243;][mk_milestone icon_size=&#8221;medium&#8221; align=&#8221;center&#8221; icon_color=&#8221;#a5a7a9&#8243; stop=&#8221;50&#8243; text=&#8221;ans d&#8217;\u00e9xp\u00e9rience&#8221; text_color=&#8221;#ee7a03&#8243; text_size=&#8221;60&#8243; font_family=&#8221;none&#8221; font_weight=&#8221;300&#8243; desc_size=&#8221;18&#8243;][\/vc_column][vc_column width=&#8221;1\/4&#8243;][mk_milestone icon_size=&#8221;medium&#8221; align=&#8221;center&#8221; icon_color=&#8221;#a5a7a9&#8243; stop=&#8221;10000&#8243; suffix=&#8221;m<sup>2<\/sup>&#8221; text=&#8221;de surface&#8221; text_color=&#8221;#ee7a03&#8243; text_size=&#8221;60&#8243; font_family=&#8221;none&#8221; font_weight=&#8221;300&#8243; desc_size=&#8221;18&#8243;][\/vc_column][vc_column width=&#8221;1\/4&#8243;][mk_milestone icon_size=&#8221;medium&#8221; align=&#8221;center&#8221; icon_color=&#8221;#a5a7a9&#8243; stop=&#8221;50&#8243; suffix=&#8221;M\u20ac&#8221; text=&#8221;de chiffre d&#8217;affaire&#8221; text_color=&#8221;#ee7a03&#8243; text_size=&#8221;60&#8243; font_family=&#8221;none&#8221; font_weight=&#8221;300&#8243; desc_size=&#8221;18&#8243;][\/vc_column][vc_column width=&#8221;1\/4&#8243;][mk_milestone icon_size=&#8221;medium&#8221; align=&#8221;center&#8221; icon_color=&#8221;#a5a7a9&#8243; stop=&#8221;130&#8243; text=&#8221;salari\u00e9s&#8221; text_color=&#8221;#ee7a03&#8243; text_size=&#8221;60&#8243; font_family=&#8221;none&#8221; font_weight=&#8221;300&#8243; desc_size=&#8221;18&#8243;][\/vc_column][\/vc_row][vc_row el_class=&#8221;expertise-orange&#8221; css=&#8221;.vc_custom_1527168387597{margin-top: 80px !important;padding-right: 16.66666667% !important;padding-left: 16.66666667% !important;}&#8221;][vc_column][vc_column_text disable_pattern=&#8221;false&#8221; animation=&#8221;bottom-to-top&#8221; css=&#8221;.vc_custom_1527166228520{margin-bottom: 0px !important;}&#8221;]\n<h3>Expertises<\/h3>\n<p>Une expertise reconnue dans l&#8217;assistance client\u00e8le, de l\u2019ing\u00e9nierie technique, en passant par les compagnies a\u00e9riennes et la r\u00e9paration de postes et services.<\/p>\n<p>&nbsp;<\/p>\n<h4>Nos domaines d&#8217;expertise<\/h4>\n<p>D\u00e9partement technique \/ atelier d&#8217;usinage flexible et robotis\u00e9 \/ march\u00e9 de la vitesse \/ Assemblage \/ Peinture \/ R\u00e9paration \/ Logistique et stockage de mat\u00e9riel.<\/p>\n<h4>Usinage de produits et assemblage<\/h4>\n<p>M\u00e9taux durs de petite et grande taille.<\/p>\n<h4>Activit\u00e9 de r\u00e9paration<\/h4>\n<p>Des unit\u00e9s m\u00e9caniques structurelles (cockpits et trappes), tige et modules de fen\u00eatres.[\/vc_column_text][\/vc_column][\/vc_row][vc_row fullwidth=&#8221;true&#8221; el_class=&#8221;expertise-caroussel&#8221; css=&#8221;.vc_custom_1524322153580{margin-top: 80px !important;}&#8221;][vc_column]<div id=\"ult-carousel-316945298869ece50a734d7\" class=\"ult-carousel-wrapper   ult_horizontal\" data-gutter=\"15\" data-rtl=\"false\" ><div class=\"ult-carousel-47415754669ece50a7349c \" >[mk_image src=&#8221;http:\/\/www.nexteam-group.com\/wp-content\/uploads\/2018\/05\/gentilin-1140-961-10.jpg&#8221; image_width=&#8221;385&#8243; image_height=&#8221;270&#8243; lightbox=&#8221;true&#8221; frame_style=&#8221;shadow_only&#8221; caption_location=&#8221;outside-image&#8221; margin_bottom=&#8221;40&#8243; animation=&#8221;bottom-to-top&#8221;][mk_image src=&#8221;http:\/\/www.nexteam-group.com\/wp-content\/uploads\/2018\/05\/gentilin-1140-961-9.jpg&#8221; image_width=&#8221;385&#8243; image_height=&#8221;270&#8243; lightbox=&#8221;true&#8221; frame_style=&#8221;shadow_only&#8221; caption_location=&#8221;outside-image&#8221; margin_bottom=&#8221;40&#8243; animation=&#8221;bottom-to-top&#8221;][mk_image src=&#8221;http:\/\/www.nexteam-group.com\/wp-content\/uploads\/2018\/05\/gentilin-1140-961-8.jpg&#8221; image_width=&#8221;385&#8243; image_height=&#8221;270&#8243; lightbox=&#8221;true&#8221; frame_style=&#8221;shadow_only&#8221; caption_location=&#8221;outside-image&#8221; margin_bottom=&#8221;40&#8243; animation=&#8221;bottom-to-top&#8221;][mk_image src=&#8221;http:\/\/www.nexteam-group.com\/wp-content\/uploads\/2018\/05\/gentilin-1140-961-7.jpg&#8221; image_width=&#8221;385&#8243; image_height=&#8221;270&#8243; lightbox=&#8221;true&#8221; frame_style=&#8221;shadow_only&#8221; caption_location=&#8221;outside-image&#8221; margin_bottom=&#8221;40&#8243; animation=&#8221;bottom-to-top&#8221;][mk_image src=&#8221;http:\/\/www.nexteam-group.com\/wp-content\/uploads\/2018\/05\/gentilin-1140-961-6.jpg&#8221; image_width=&#8221;385&#8243; image_height=&#8221;270&#8243; lightbox=&#8221;true&#8221; frame_style=&#8221;shadow_only&#8221; caption_location=&#8221;outside-image&#8221; margin_bottom=&#8221;40&#8243; animation=&#8221;bottom-to-top&#8221;][mk_image src=&#8221;http:\/\/www.nexteam-group.com\/wp-content\/uploads\/2018\/05\/gentilin-1140-961-5.jpg&#8221; image_width=&#8221;385&#8243; image_height=&#8221;270&#8243; lightbox=&#8221;true&#8221; frame_style=&#8221;shadow_only&#8221; caption_location=&#8221;outside-image&#8221; margin_bottom=&#8221;40&#8243; animation=&#8221;bottom-to-top&#8221;][mk_image src=&#8221;http:\/\/www.nexteam-group.com\/wp-content\/uploads\/2018\/05\/gentilin-1140-961-4.jpg&#8221; image_width=&#8221;385&#8243; image_height=&#8221;270&#8243; lightbox=&#8221;true&#8221; frame_style=&#8221;shadow_only&#8221; caption_location=&#8221;outside-image&#8221; margin_bottom=&#8221;40&#8243; animation=&#8221;bottom-to-top&#8221;][mk_image src=&#8221;http:\/\/www.nexteam-group.com\/wp-content\/uploads\/2018\/05\/gentilin-1140-961-3.jpg&#8221; image_width=&#8221;385&#8243; image_height=&#8221;270&#8243; lightbox=&#8221;true&#8221; frame_style=&#8221;shadow_only&#8221; caption_location=&#8221;outside-image&#8221; margin_bottom=&#8221;40&#8243; animation=&#8221;bottom-to-top&#8221;][mk_image src=&#8221;http:\/\/www.nexteam-group.com\/wp-content\/uploads\/2018\/05\/gentilin-1140-961-2.jpg&#8221; image_width=&#8221;385&#8243; image_height=&#8221;270&#8243; lightbox=&#8221;true&#8221; frame_style=&#8221;shadow_only&#8221; caption_location=&#8221;outside-image&#8221; margin_bottom=&#8221;40&#8243; animation=&#8221;bottom-to-top&#8221;][mk_image src=&#8221;http:\/\/www.nexteam-group.com\/wp-content\/uploads\/2018\/05\/gentilin-1140-961-1.jpg&#8221; image_width=&#8221;385&#8243; image_height=&#8221;270&#8243; lightbox=&#8221;true&#8221; frame_style=&#8221;shadow_only&#8221; caption_location=&#8221;outside-image&#8221; margin_bottom=&#8221;40&#8243; animation=&#8221;bottom-to-top&#8221;]<\/div><\/div>\t\t\t<script type=\"text\/javascript\">\n\t\t\t\tjQuery(document).ready(function ($) {\n\t\t\t\t\tif( typeof jQuery('.ult-carousel-47415754669ece50a7349c').slick == \"function\"){\n\t\t\t\t\t\t$('.ult-carousel-47415754669ece50a7349c').slick({dots: false,autoplay: true,autoplaySpeed: \"5000\",speed: \"300\",infinite: true,arrows: true,nextArrow: '<button type=\"button\" role=\"button\" aria-label=\"Next\" style=\"color:#ffffff; font-size:40px;\" class=\"slick-next default\"><i class=\"ultsl-arrow-right6\"><\/i><\/button>',prevArrow: '<button type=\"button\" role=\"button\" aria-label=\"Previous\" style=\"color:#ffffff; font-size:40px;\" class=\"slick-prev default\"><i class=\"ultsl-arrow-left6\"><\/i><\/button>',slidesToScroll:1,slidesToShow:5,swipe: true,draggable: true,touchMove: true,pauseOnHover: true,pauseOnFocus: false,responsive: [\n\t\t\t\t\t\t\t{\n\t\t\t\t\t\t\t  breakpoint: 1026,\n\t\t\t\t\t\t\t  settings: {\n\t\t\t\t\t\t\t\tslidesToShow: 5,\n\t\t\t\t\t\t\t\tslidesToScroll: 1,  \n\t\t\t\t\t\t\t  }\n\t\t\t\t\t\t\t},\n\t\t\t\t\t\t\t{\n\t\t\t\t\t\t\t  breakpoint: 1025,\n\t\t\t\t\t\t\t  settings: {\n\t\t\t\t\t\t\t\tslidesToShow: 5,\n\t\t\t\t\t\t\t\tslidesToScroll: 1\n\t\t\t\t\t\t\t  }\n\t\t\t\t\t\t\t},\n\t\t\t\t\t\t\t{\n\t\t\t\t\t\t\t  breakpoint: 760,\n\t\t\t\t\t\t\t  settings: {\n\t\t\t\t\t\t\t\tslidesToShow: 2,\n\t\t\t\t\t\t\t\tslidesToScroll: 1\n\t\t\t\t\t\t\t  }\n\t\t\t\t\t\t\t}\n\t\t\t\t\t\t],pauseOnDotsHover: true,customPaging: function(slider, i) {\n                   return '<i type=\"button\" style= \"color:#333333;\" class=\"ultsl-record\" data-role=\"none\"><\/i>';\n                },});\n\t\t\t\t\t}\n\t\t\t\t});\n\t\t\t<\/script>\n\t\t\t[\/vc_column][\/vc_row][vc_row el_class=&#8221;CTA-certifications&#8221; css=&#8221;.vc_custom_1524246914150{margin-top: 40px !important;}&#8221;][vc_column][vc_column_text css=&#8221;.vc_custom_1524229633904{margin-bottom: 40px !important;}&#8221;]\n<h3>Nos certifications<\/h3>\n[\/vc_column_text][mk_animated_columns column_height=&#8221;470&#8243; order=&#8221;ASC&#8221; orderby=&#8221;none&#8221; icon_size=&#8221;128&#8243; txt_color=&#8221;#000000&#8243; txt_hover_color=&#8221;#006bad&#8221; animation=&#8221;fade-in&#8221; columns=&#8221;1374, 1379, 1381, 1338&#8243;][\/vc_column][\/vc_row][vc_row fullwidth=&#8221;true&#8221; fullwidth_content=&#8221;false&#8221; equal_columns=&#8221;true&#8221; el_class=&#8221;bandeau-partenaires&#8221; css=&#8221;.vc_custom_1524322826780{padding-top: 160px !important;padding-bottom: 80px !important;}&#8221;][vc_column][vc_column_text disable_pattern=&#8221;false&#8221; align=&#8221;center&#8221; animation=&#8221;top-to-bottom&#8221; el_class=&#8221;h2-title&#8221; css=&#8221;.vc_custom_1524322781538{margin-bottom: 0px !important;}&#8221;]\n<h2>Nos r\u00e9f\u00e9rences<\/h2>\n[\/vc_column_text]<div id=\"ult-carousel-413274582669ece50a735ba\" class=\"ult-carousel-wrapper  vc_custom_1523873262868  ult_horizontal\" data-gutter=\"15\" data-rtl=\"false\" ><div class=\"ult-carousel-53691977569ece50a735a1 \" >[mk_image src=&#8221;http:\/\/www.nexteam-group.com\/wp-content\/uploads\/2018\/04\/logo-safran.jpg&#8221; image_size=&#8221;full&#8221; link=&#8221;#&#8221; align=&#8221;center&#8221; margin_bottom=&#8221;0&#8243; animation=&#8221;fade-in&#8221;][mk_image src=&#8221;http:\/\/www.nexteam-group.com\/wp-content\/uploads\/2018\/04\/logo-airbus.jpg&#8221; image_size=&#8221;full&#8221; link=&#8221;#&#8221; align=&#8221;center&#8221; margin_bottom=&#8221;0&#8243; animation=&#8221;fade-in&#8221;][mk_image src=&#8221;http:\/\/www.nexteam-group.com\/wp-content\/uploads\/2018\/04\/logo-dassault.jpg&#8221; image_size=&#8221;full&#8221; link=&#8221;#&#8221; align=&#8221;center&#8221; margin_bottom=&#8221;0&#8243; animation=&#8221;fade-in&#8221;][mk_image src=&#8221;http:\/\/www.nexteam-group.com\/wp-content\/uploads\/2018\/04\/logo-utc.jpg&#8221; image_size=&#8221;full&#8221; link=&#8221;#&#8221; align=&#8221;center&#8221; margin_bottom=&#8221;0&#8243; animation=&#8221;fade-in&#8221;][mk_image src=&#8221;http:\/\/www.nexteam-group.com\/wp-content\/uploads\/2018\/04\/logo-safran.jpg&#8221; image_size=&#8221;full&#8221; link=&#8221;#&#8221; align=&#8221;center&#8221; margin_bottom=&#8221;0&#8243; animation=&#8221;fade-in&#8221;][mk_image src=&#8221;http:\/\/www.nexteam-group.com\/wp-content\/uploads\/2018\/04\/logo-airbus.jpg&#8221; image_size=&#8221;full&#8221; link=&#8221;#&#8221; align=&#8221;center&#8221; margin_bottom=&#8221;0&#8243; animation=&#8221;fade-in&#8221;][mk_image src=&#8221;http:\/\/www.nexteam-group.com\/wp-content\/uploads\/2018\/04\/logo-dassault.jpg&#8221; image_size=&#8221;full&#8221; link=&#8221;#&#8221; align=&#8221;center&#8221; margin_bottom=&#8221;0&#8243; animation=&#8221;fade-in&#8221;][mk_image src=&#8221;http:\/\/www.nexteam-group.com\/wp-content\/uploads\/2018\/04\/logo-utc.jpg&#8221; image_size=&#8221;full&#8221; link=&#8221;#&#8221; align=&#8221;center&#8221; margin_bottom=&#8221;0&#8243; animation=&#8221;fade-in&#8221;]<\/div><\/div>\t\t\t<script type=\"text\/javascript\">\n\t\t\t\tjQuery(document).ready(function ($) {\n\t\t\t\t\tif( typeof jQuery('.ult-carousel-53691977569ece50a735a1').slick == \"function\"){\n\t\t\t\t\t\t$('.ult-carousel-53691977569ece50a735a1').slick({dots: false,autoplay: true,autoplaySpeed: \"5000\",speed: \"300\",infinite: true,arrows: true,nextArrow: '<button type=\"button\" role=\"button\" aria-label=\"Next\" style=\"color:#5a5a5a; font-size:20px;\" class=\"slick-next default\"><i class=\"ultsl-arrow-right6\"><\/i><\/button>',prevArrow: '<button type=\"button\" role=\"button\" aria-label=\"Previous\" style=\"color:#5a5a5a; font-size:20px;\" class=\"slick-prev default\"><i class=\"ultsl-arrow-left6\"><\/i><\/button>',slidesToScroll:5,slidesToShow:5,swipe: true,draggable: true,touchMove: true,pauseOnHover: true,pauseOnFocus: false,responsive: [\n\t\t\t\t\t\t\t{\n\t\t\t\t\t\t\t  breakpoint: 1026,\n\t\t\t\t\t\t\t  settings: {\n\t\t\t\t\t\t\t\tslidesToShow: 5,\n\t\t\t\t\t\t\t\tslidesToScroll: 5,  \n\t\t\t\t\t\t\t  }\n\t\t\t\t\t\t\t},\n\t\t\t\t\t\t\t{\n\t\t\t\t\t\t\t  breakpoint: 1025,\n\t\t\t\t\t\t\t  settings: {\n\t\t\t\t\t\t\t\tslidesToShow: 3,\n\t\t\t\t\t\t\t\tslidesToScroll: 3\n\t\t\t\t\t\t\t  }\n\t\t\t\t\t\t\t},\n\t\t\t\t\t\t\t{\n\t\t\t\t\t\t\t  breakpoint: 760,\n\t\t\t\t\t\t\t  settings: {\n\t\t\t\t\t\t\t\tslidesToShow: 2,\n\t\t\t\t\t\t\t\tslidesToScroll: 2\n\t\t\t\t\t\t\t  }\n\t\t\t\t\t\t\t}\n\t\t\t\t\t\t],pauseOnDotsHover: true,customPaging: function(slider, i) {\n                   return '<i type=\"button\" style= \"color:#333333;\" class=\"ultsl-record\" data-role=\"none\"><\/i>';\n                },});\n\t\t\t\t\t}\n\t\t\t\t});\n\t\t\t<\/script>\n\t\t\t[\/vc_column][\/vc_row][vc_row fullwidth=&#8221;true&#8221; id=&#8221;implantations&#8221;][vc_column][vc_column_text disable_pattern=&#8221;false&#8221; align=&#8221;center&#8221; animation=&#8221;top-to-bottom&#8221; el_class=&#8221;implantations-title&#8221; css=&#8221;.vc_custom_1523866576662{margin-bottom: 0px !important;}&#8221;]\n<h2>Nos implantations<\/h2>\n[\/vc_column_text][vc_column_text css=&#8221;.vc_custom_1526592141705{margin-bottom: 0px !important;}&#8221;][wpgmza id=&#8221;2&#8243;][\/vc_column_text][\/vc_column][\/vc_row][vc_row fullwidth=&#8221;true&#8221; equal_columns=&#8221;true&#8221; animation=&#8221;fade-in&#8221; el_class=&#8221;CTA-classique page-metiers CTA-groupe&#8221; css=&#8221;.vc_custom_1524323621936{margin-top: -40px !important;}&#8221;][vc_column]<div tabindex=\"0\" class=\"ult-new-ib ult-ib-effect-style1 CTA-classique-wrapper ult-ib-resp  \" data-min-width=\"768\" data-max-width=\"900\" style=\"background:#000000;\" data-opacity=\"0.2\" data-hover-opacity=\"0.8\" ><img decoding=\"async\" class=\"ult-new-ib-img\" style=\"opacity:0.2;\" alt=\"null\" src=\"https:\/\/www.nexteam-group.com\/wp-content\/uploads\/2018\/04\/cta-groupe.png\"   \/><div id=\"interactive-banner-wrap-7290\" class=\"ult-new-ib-desc\" style=\"\"><h2 class=\"ult-new-ib-title ult-responsive\"  data-ultimate-target='#interactive-banner-wrap-7290 .ult-new-ib-title'  data-responsive-json-new='{\"font-size\":\"\",\"line-height\":\"\"}'  style=\"font-weight:normal;color:#ffffff;\">D\u00e9couvrir<\/h2><div class=\"ult-new-ib-content ult-responsive\"  data-ultimate-target='#interactive-banner-wrap-7290 .ult-new-ib-content'  data-responsive-json-new='{\"font-size\":\"\",\"line-height\":\"\"}'  style=\"font-weight:normal;color:#ffffff;\"><p>Et licet quocumque oculos flexeris feminas adfatim multas spectare cirratas, quibus, si nupsissent.<\/p><\/div><\/div><a class=\"ult-new-ib-link\" href=\"http:\/\/nexteam.ovh\/le-groupe\/\"  ><\/a><\/div>[\/vc_column][\/vc_row]\n<\/div>","protected":false},"excerpt":{"rendered":"<p>[vc_row fullwidth=&#8221;true&#8221; fullwidth_content=&#8221;false&#8221; parallax=&#8221;content-moving&#8221; parallax_image=&#8221;519&#8243; animation=&#8221;fade-in&#8221; css=&#8221;.vc_custom_1525791860762{padding-top: 500px !important;background-color: #000000 !important;}&#8221; el_class=&#8221;top-page temoignages&#8221;][vc_column][vc_column_text disable_pattern=&#8221;false&#8221; el_class=&#8221;top-page-wrapper-blanc implantation-orange&#8221; css=&#8221;.vc_custom_1527168217020{padding-top: 100px !important;padding-right: 16.66666667% !important;padding-left: 16.66666667% !important;background-color: #ffffff !important;}&#8221;] \u00c0 propos [\/vc_column_text][vc_single_image image=&#8221;532&#8243; img_size=&#8221;full&#8221; alignment=&#8221;center&#8221; css_animation=&#8221;bottom-to-top&#8221; css=&#8221;.vc_custom_1525792103170{margin-bottom: 0px !important;padding-right: 16.66666667% !important;padding-left: 16.66666667% !important;background-color: #ffffff !important;}&#8221;][\/vc_column][\/vc_row][vc_row][vc_column][vc_column_text disable_pattern=&#8221;false&#8221; css=&#8221;.vc_custom_1526562222285{margin-bottom: 0px !important;padding-top: 40px !important;padding-right: 16.66666667% !important;padding-left: 16.66666667% !important;background-color: #ffffff !important;}&#8221;]Depuis son lancement [&hellip;]<\/p>\n","protected":false},"author":1,"featured_media":0,"parent":0,"menu_order":6,"comment_status":"closed","ping_status":"closed","template":"","meta":{"_acf_changed":false,"footnotes":""},"class_list":["post-2493","page","type-page","status-publish","hentry"],"acf":[],"_links":{"self":[{"href":"https:\/\/www.nexteam-group.com\/en\/wp-json\/wp\/v2\/pages\/2493","targetHints":{"allow":["GET"]}}],"collection":[{"href":"https:\/\/www.nexteam-group.com\/en\/wp-json\/wp\/v2\/pages"}],"about":[{"href":"https:\/\/www.nexteam-group.com\/en\/wp-json\/wp\/v2\/types\/page"}],"author":[{"embeddable":true,"href":"https:\/\/www.nexteam-group.com\/en\/wp-json\/wp\/v2\/users\/1"}],"replies":[{"embeddable":true,"href":"https:\/\/www.nexteam-group.com\/en\/wp-json\/wp\/v2\/comments?post=2493"}],"version-history":[{"count":1,"href":"https:\/\/www.nexteam-group.com\/en\/wp-json\/wp\/v2\/pages\/2493\/revisions"}],"predecessor-version":[{"id":2495,"href":"https:\/\/www.nexteam-group.com\/en\/wp-json\/wp\/v2\/pages\/2493\/revisions\/2495"}],"wp:attachment":[{"href":"https:\/\/www.nexteam-group.com\/en\/wp-json\/wp\/v2\/media?parent=2493"}],"curies":[{"name":"wp","href":"https:\/\/api.w.org\/{rel}","templated":true}]}}