{"id":2488,"date":"2018-04-24T22:29:54","date_gmt":"2018-04-24T20:29:54","guid":{"rendered":"http:\/\/www.nexteam-group.com\/careers\/deposer-sa-candidature\/"},"modified":"2024-10-25T16:33:28","modified_gmt":"2024-10-25T14:33:28","slug":"submit-my-application","status":"publish","type":"page","link":"https:\/\/www.nexteam-group.com\/en\/careers\/submit-my-application\/","title":{"rendered":"Submit my application"},"content":{"rendered":"<div class=\"wpb-content-wrapper\">[vc_row fullwidth=&#8221;true&#8221; fullwidth_content=&#8221;false&#8221; parallax=&#8221;content-moving&#8221; parallax_image=&#8221;784&#8243; animation=&#8221;fade-in&#8221; css=&#8221;.vc_custom_1524604015996{padding-top: 500px !important;background-color: #000000 !important;}&#8221; el_class=&#8221;top-page&#8221;][vc_column][vc_column_text disable_pattern=&#8221;false&#8221; el_class=&#8221;top-page-wrapper-blanc&#8221; css=&#8221;.vc_custom_1524601964350{padding-top: 100px !important;padding-right: 16.66666667% !important;padding-left: 16.66666667% !important;background-color: #ffffff !important;}&#8221;]\n<h2>D\u00e9poser sa candidature<\/h2>\n[\/vc_column_text][\/vc_column][\/vc_row][vc_row el_class=&#8221;depot-form&#8221;][vc_column css=&#8221;.vc_custom_1524598228866{margin-bottom: 80px !important;padding-right: 16.66666667% !important;padding-left: 16.66666667% !important;}&#8221;]\n<div class=\"wpcf7 no-js\" id=\"wpcf7-f781-o1\" lang=\"fr-FR\" dir=\"ltr\" data-wpcf7-id=\"781\">\n<div class=\"screen-reader-response\"><p role=\"status\" aria-live=\"polite\" aria-atomic=\"true\"><\/p> <ul><\/ul><\/div>\n<form action=\"\/en\/wp-json\/wp\/v2\/pages\/2488#wpcf7-f781-o1\" method=\"post\" class=\"wpcf7-form init\" aria-label=\"Formulaire de contact\" enctype=\"multipart\/form-data\" novalidate=\"novalidate\" data-status=\"init\">\n<fieldset class=\"hidden-fields-container\"><input type=\"hidden\" name=\"_wpcf7\" value=\"781\" \/><input type=\"hidden\" name=\"_wpcf7_version\" value=\"6.1.5\" \/><input type=\"hidden\" name=\"_wpcf7_locale\" value=\"fr_FR\" \/><input type=\"hidden\" name=\"_wpcf7_unit_tag\" value=\"wpcf7-f781-o1\" \/><input type=\"hidden\" name=\"_wpcf7_container_post\" value=\"0\" \/><input type=\"hidden\" name=\"_wpcf7_posted_data_hash\" value=\"\" \/><input type=\"hidden\" name=\"_wpcf7_recaptcha_response\" value=\"\" \/>\n<\/fieldset>\n<p><label>Nom<\/label><span class=\"wpcf7-form-control-wrap\" data-name=\"nom\"><input size=\"40\" maxlength=\"400\" class=\"wpcf7-form-control wpcf7-text wpcf7-validates-as-required\" aria-required=\"true\" aria-invalid=\"false\" value=\"\" type=\"text\" name=\"nom\" \/><\/span><br \/>\n<label>Pr\u00e9nom<\/label><span class=\"wpcf7-form-control-wrap\" data-name=\"prenom\"><input size=\"40\" maxlength=\"400\" class=\"wpcf7-form-control wpcf7-text wpcf7-validates-as-required\" aria-required=\"true\" aria-invalid=\"false\" value=\"\" type=\"text\" name=\"prenom\" \/><\/span><br \/>\n<label>E-mail<\/label><span class=\"wpcf7-form-control-wrap\" data-name=\"email\"><input size=\"40\" maxlength=\"400\" class=\"wpcf7-form-control wpcf7-email wpcf7-validates-as-required wpcf7-text wpcf7-validates-as-email\" aria-required=\"true\" aria-invalid=\"false\" value=\"\" type=\"email\" name=\"email\" \/><\/span><br \/>\n<label>T\u00e9l\u00e9phone<\/label><span class=\"wpcf7-form-control-wrap\" data-name=\"telephone\"><input size=\"40\" maxlength=\"400\" class=\"wpcf7-form-control wpcf7-tel wpcf7-validates-as-required wpcf7-text wpcf7-validates-as-tel\" aria-required=\"true\" aria-invalid=\"false\" value=\"\" type=\"tel\" name=\"telephone\" \/><\/span><br \/>\n<label>Intitul\u00e9 du poste<\/label><span class=\"wpcf7-form-control-wrap\" data-name=\"Intituleduposte\"><input size=\"40\" maxlength=\"400\" class=\"wpcf7-form-control wpcf7-text wpcf7-validates-as-required\" aria-required=\"true\" aria-invalid=\"false\" value=\"\" type=\"text\" name=\"Intituleduposte\" \/><\/span><br \/>\n<label>Ville<\/label><span class=\"wpcf7-form-control-wrap\" data-name=\"recipient\"><select class=\"wpcf7-form-control wpcf7-select\" aria-invalid=\"false\" name=\"recipient\"><option value=\"S\u00e9lectionnez la ville dans laquelle vous souhaitez postuler\">S\u00e9lectionnez la ville dans laquelle vous souhaitez postuler<\/option><option value=\"Arcos de Valdevez (Portugal)\">Arcos de Valdevez (Portugal)<\/option><option value=\"Arudy (64)\">Arudy (64)<\/option><option value=\"Branesti (Roumanie)\">Branesti (Roumanie)<\/option><option value=\"Ch\u00e2tellerault (86)\">Ch\u00e2tellerault (86)<\/option><option value=\"Escout (64)\">Escout (64)<\/option><option value=\"Lab\u00e8ge (31)\">Lab\u00e8ge (31)<\/option><option value=\"Launaguet (31)\">Launaguet (31)<\/option><option value=\"Lublin (Pologne)\">Lublin (Pologne)<\/option><option value=\"Marmande (47)\">Marmande (47)<\/option><option value=\"M\u00e9rignac (33)\">M\u00e9rignac (33)<\/option><option value=\"Messadine (Tunisie)\">Messadine (Tunisie)<\/option><option value=\"Mohammedia (Maroc)\">Mohammedia (Maroc)<\/option><option value=\"Narcastet (64)\">Narcastet (64)<\/option><option value=\"Olemps (12)\">Olemps (12)<\/option><option value=\"Sousse (Tunisie)\">Sousse (Tunisie)<\/option><option value=\"Toulouse (31)\">Toulouse (31)<\/option><option value=\"Ussel (19)\">Ussel (19)<\/option><\/select><\/span><br \/>\n<label>Comment nous avez-vous connu ?<\/label><span class=\"wpcf7-form-control-wrap\" data-name=\"source\"><select class=\"wpcf7-form-control wpcf7-select\" aria-invalid=\"false\" name=\"source\"><option value=\"Choisir une option\">Choisir une option<\/option><option value=\"Indeed\">Indeed<\/option><option value=\"Hello Work\">Hello Work<\/option><option value=\"Industrie recrute\">Industrie recrute<\/option><option value=\"Autre plateforme d&#039;annonces\">Autre plateforme d&#039;annonces<\/option><option value=\"R\u00e9seaux sociaux de Nexteam (LinkedIn, Instagram...)\">R\u00e9seaux sociaux de Nexteam (LinkedIn, Instagram...)<\/option><option value=\"Page LinkedIn d&#039;un salari\u00e9 Nexteam\">Page LinkedIn d&#039;un salari\u00e9 Nexteam<\/option><option value=\"Par un salari\u00e9 Nexteam\">Par un salari\u00e9 Nexteam<\/option><option value=\"Salon ou \u00e9v\u00e9nement\">Salon ou \u00e9v\u00e9nement<\/option><option value=\"France Travail ou Apec\">France Travail ou Apec<\/option><option value=\"Publicit\u00e9\">Publicit\u00e9<\/option><option value=\"Affichage public\">Affichage public<\/option><option value=\"Bouche \u00e0 oreille\">Bouche \u00e0 oreille<\/option><\/select><\/span><br \/>\n<label>Commentaires<\/label><span class=\"wpcf7-form-control-wrap\" data-name=\"commentaires\"><textarea cols=\"40\" rows=\"10\" maxlength=\"2000\" class=\"wpcf7-form-control wpcf7-textarea\" aria-invalid=\"false\" name=\"commentaires\"><\/textarea><\/span>\n<\/p>\n<div class=\"import-cv-wrapper\">\n\t<p><label class=\"import-cv\">Votre CV<\/label><span class=\"wpcf7-form-control-wrap\" data-name=\"cv\"><input size=\"40\" class=\"wpcf7-form-control wpcf7-file wpcf7-validates-as-required fichier\" accept=\".gif,.png,.jpg,.jpeg,.pdf\" aria-required=\"true\" aria-invalid=\"false\" type=\"file\" name=\"cv\" \/><\/span>\n\t<\/p>\n<\/div>\n<div class=\"import-cv-wrapper\">\n\t<p><label class=\"import-cv\">Lettre de motivation (facultatif)<\/label><span class=\"wpcf7-form-control-wrap\" data-name=\"lettre\"><input size=\"40\" class=\"wpcf7-form-control wpcf7-file fichier\" accept=\".gif,.png,.jpg,.jpeg,.pdf\" aria-invalid=\"false\" type=\"file\" name=\"lettre\" \/><\/span>\n\t<\/p>\n<\/div>\n<p>Les informations recueillies sur l\u2019ensemble des formulaires que vous avez remplis pour NEXTEAM ou l\u2019une de ses filiales sont enregistr\u00e9es dans un fichier informatis\u00e9 par NEXTEAM et ses filiales pour le respect de leurs obligations l\u00e9gales et pour pouvoir proc\u00e9der \u00e0 un recrutement potentiel. Les donn\u00e9es collect\u00e9es seront communiqu\u00e9es aux seuls destinataires suivants : le service RH de votre soci\u00e9t\u00e9, le service comptable, le responsable du service pour lequel vous postulez, les administrations publiques obligatoires et le cas \u00e9ch\u00e9ant \u00e0 nos sous-traitants de donn\u00e9es personnelles.\n<\/p>\n<p>Si votre candidature n\u2019est pas retenue, vos donn\u00e9es seront d\u00e9truites ou conserv\u00e9es pendant trois (3) ans maximum dans un serveur s\u00e9curis\u00e9 et accessible qu\u2019aux seuls membres des services ressources humaines. Si votre candidature est retenue, vos donn\u00e9es sont conserv\u00e9es pendant la dur\u00e9e de votre pr\u00e9sence dans la soci\u00e9t\u00e9 et pendant cinq (5) ans apr\u00e8s le jour de votre d\u00e9part de NEXTEAM sauf obligation l\u00e9gale plus longue.\n<\/p>\n<p>Pendant la dur\u00e9e de conservation de vos donn\u00e9es, NEXTEAM met en place tous moyens aptes \u00e0 assurer la confidentialit\u00e9 et la s\u00e9curit\u00e9 de vos donn\u00e9es personnelles, de mani\u00e8re \u00e0 emp\u00eacher leur endommagement, effacement ou acc\u00e8s \u00e0 des tiers non autoris\u00e9s. Vous pouvez acc\u00e9der aux donn\u00e9es vous concernant, les rectifier, demander leur effacement ou exercer votre droit \u00e0 la limitation du traitement de vos donn\u00e9es. Vous pouvez \u00e9galement vous opposer au traitement de vos donn\u00e9es dont la fourniture n\u2019est pas obligatoire. Vous pouvez \u00e9galement exercer votre droit \u00e0 la portabilit\u00e9 de vos donn\u00e9es. Consultez le site cnil.fr pour plus d\u2019informations sur vos droits.\n<\/p>\n<p>En transmettant votre candidature, vous certifiez avoir re\u00e7u l\u2019information relative au traitement de mes donn\u00e9es personnelles par NEXTEAM et vous consentez \u00e0 l\u2019utilisation de mes noms, pr\u00e9noms, fonctions, photos \u00e0 des fins de communication interne \u00e0 NEXTEAM (journal d\u2019entreprise, site internet, affichage ou le cas \u00e9ch\u00e9ant, r\u00e9seaux sociaux de NEXTEAM) et \u00e0 des fins de communication externe (m\u00e9dias).<br \/>\nPour exercer ces droits ou pour toute question sur le traitement de vos donn\u00e9es dans ce dispositif, vous pouvez contacter le r\u00e9f\u00e9rent RGPD : rgpd@nexteam-group.com, 34 avenue Condorcet 47200 MARMANDE, 05 53 20 95 95. Si vous estimez, apr\u00e8s nous avoir contact\u00e9s, que vos droits \u00ab Informatique et Libert\u00e9s \u00bb ne sont pas respect\u00e9s, vous pouvez adresser une r\u00e9clamation \u00e0 la CNIL.\n<\/p>\n<p><span class=\"wpcf7-form-control-wrap\" data-name=\"Traitementdesdonnees\"><span class=\"wpcf7-form-control wpcf7-checkbox wpcf7-validates-as-required\"><span class=\"wpcf7-list-item first\"><span class=\"wpcf7-list-item-label\">Je certifie avoir re\u00e7u l\u2019information relative au traitement de mes donn\u00e9es personnelles par NEXTEAM.<\/span><input type=\"checkbox\" name=\"Traitementdesdonnees[]\" value=\"Je certifie avoir re\u00e7u l\u2019information relative au traitement de mes donn\u00e9es personnelles par NEXTEAM.\" \/><\/span><span class=\"wpcf7-list-item last\"><span class=\"wpcf7-list-item-label\">Je consens, en cas de candidature retenue, \u00e0 l\u2019utilisation de mes noms, pr\u00e9noms, fonctions, photos \u00e0 des fins de communication interne \u00e0 NEXTEAM (journal d\u2019entreprise, site internet, affichage ou le cas \u00e9ch\u00e9ant, r\u00e9seaux sociaux de NEXTEAM) et \u00e0 des fins de communication externe (m\u00e9dias).<\/span><input type=\"checkbox\" name=\"Traitementdesdonnees[]\" value=\"Je consens, en cas de candidature retenue, \u00e0 l\u2019utilisation de mes noms, pr\u00e9noms, fonctions, photos \u00e0 des fins de communication interne \u00e0 NEXTEAM (journal d\u2019entreprise, site internet, affichage ou le cas \u00e9ch\u00e9ant, r\u00e9seaux sociaux de NEXTEAM) et \u00e0 des fins de communication externe (m\u00e9dias).\" \/><\/span><\/span><\/span>\n<\/p>\n<span class=\"wpcf7-form-control-wrap recaptcha\" data-name=\"recaptcha\"><span data-sitekey=\"6LcvhjAsAAAAALk5Lb7PdfsOfhcw6_k1CNQabnGH\" class=\"wpcf7-form-control wpcf7-recaptcha g-recaptcha\"><\/span>\r\n<noscript>\r\n\t<div class=\"grecaptcha-noscript\">\r\n\t\t<iframe loading=\"lazy\" src=\"https:\/\/www.google.com\/recaptcha\/api\/fallback?k=6LcvhjAsAAAAALk5Lb7PdfsOfhcw6_k1CNQabnGH\" frameborder=\"0\" scrolling=\"no\" width=\"310\" height=\"430\">\r\n\t\t<\/iframe>\r\n\t\t<textarea name=\"g-recaptcha-response\" rows=\"3\" cols=\"40\" placeholder=\"reCaptcha Response Here\">\r\n\t\t<\/textarea>\r\n\t<\/div>\r\n<\/noscript>\r\n<\/span>\n<p><input class=\"wpcf7-form-control wpcf7-submit has-spinner\" type=\"submit\" value=\"Envoyer\" \/>\n<\/p><input type='hidden' class='wpcf7-pum' value='{\"closepopup\":false,\"closedelay\":0,\"openpopup\":false,\"openpopup_id\":0}' \/><div class=\"wpcf7-response-output\" aria-hidden=\"true\"><\/div>\n<\/form>\n<\/div>\n[\/vc_column][\/vc_row][vc_row fullwidth=&#8221;true&#8221; fullwidth_content=&#8221;false&#8221; equal_columns=&#8221;true&#8221; animation=&#8221;fade-in&#8221; el_class=&#8221;CTA-classique&#8221; css=&#8221;.vc_custom_1524067458882{margin-top: -40px !important;margin-bottom: 150px !important;}&#8221;][vc_column width=&#8221;1\/3&#8243;]<div tabindex=\"0\" class=\"ult-new-ib ult-ib-effect-style1 CTA-classique-wrapper ult-ib-resp  \" data-min-width=\"768\" data-max-width=\"900\" style=\"background:#000000;\" data-opacity=\"0.2\" data-hover-opacity=\"0.5\" ><img decoding=\"async\" class=\"ult-new-ib-img\" style=\"opacity:0.2;\" alt=\"Nexteam Group, les valeurs, a\u00e9ronautique\" src=\"https:\/\/www.nexteam-group.com\/wp-content\/uploads\/2018\/06\/gentilin-79.png\"   \/><div id=\"interactive-banner-wrap-4915\" class=\"ult-new-ib-desc\" style=\"\"><h2 class=\"ult-new-ib-title ult-responsive\"  data-ultimate-target='#interactive-banner-wrap-4915 .ult-new-ib-title'  data-responsive-json-new='{\"font-size\":\"\",\"line-height\":\"\"}'  style=\"font-weight:normal;color:#ffffff;\">Valeurs<\/h2><div class=\"ult-new-ib-content ult-responsive\"  data-ultimate-target='#interactive-banner-wrap-4915 .ult-new-ib-content'  data-responsive-json-new='{\"font-size\":\"\",\"line-height\":\"\"}'  style=\"font-weight:normal;color:#ffffff;\"><p>On a daily basis, Nexteam promotes fundamental values that unite all its employees and form the basis of its corporate culture: service, high standards, solidarity and benevolence.<\/p><\/div><\/div><a class=\"ult-new-ib-link\" href=\"http:\/\/www.nexteam-group.com\/le-groupe\/valeurs\/\"  ><\/a><\/div>[\/vc_column][vc_column width=&#8221;1\/3&#8243;]<div tabindex=\"0\" class=\"ult-new-ib ult-ib-effect-style1 CTA-classique-wrapper ult-ib-resp  \" data-min-width=\"768\" data-max-width=\"900\" style=\"background:#000000;\" data-opacity=\"0.2\" data-hover-opacity=\"0.5\" ><img decoding=\"async\" class=\"ult-new-ib-img\" style=\"opacity:0.2;\" alt=\"null\" src=\"https:\/\/www.nexteam-group.com\/wp-content\/uploads\/2018\/05\/engagements_sofop-62-forme.jpg\"   \/><div id=\"interactive-banner-wrap-1757\" class=\"ult-new-ib-desc\" style=\"\"><h2 class=\"ult-new-ib-title ult-responsive\"  data-ultimate-target='#interactive-banner-wrap-1757 .ult-new-ib-title'  data-responsive-json-new='{\"font-size\":\"\",\"line-height\":\"\"}'  style=\"font-weight:normal;color:#ffffff;\">Engagements<\/h2><div class=\"ult-new-ib-content ult-responsive\"  data-ultimate-target='#interactive-banner-wrap-1757 .ult-new-ib-content'  data-responsive-json-new='{\"font-size\":\"\",\"line-height\":\"\"}'  style=\"font-weight:normal;color:#ffffff;\"><p>Nexteam is committed to corporate social responsibility, promoting sustainable growth through dialogue with its employees and stakeholders, and respecting the environment.<\/p><\/div><\/div><a class=\"ult-new-ib-link\" href=\"http:\/\/www.nexteam-group.com\/le-groupe\/engagements\/\"  ><\/a><\/div>[\/vc_column][vc_column width=&#8221;1\/3&#8243;]<div tabindex=\"0\" class=\"ult-new-ib ult-ib-effect-style1 CTA-classique-wrapper ult-ib-resp  \" data-min-width=\"768\" data-max-width=\"900\" style=\"background:#000000;\" data-opacity=\"0.2\" data-hover-opacity=\"0.5\" ><img decoding=\"async\" class=\"ult-new-ib-img\" style=\"opacity:0.2;\" alt=\"null\" src=\"https:\/\/www.nexteam-group.com\/wp-content\/uploads\/2018\/05\/vision_strategique_sofop-53-forme.jpg\"   \/><div id=\"interactive-banner-wrap-8612\" class=\"ult-new-ib-desc\" style=\"\"><h2 class=\"ult-new-ib-title ult-responsive\"  data-ultimate-target='#interactive-banner-wrap-8612 .ult-new-ib-title'  data-responsive-json-new='{\"font-size\":\"\",\"line-height\":\"\"}'  style=\"font-weight:normal;color:#ffffff;\">Vision strat\u00e9gique<\/h2><div class=\"ult-new-ib-content ult-responsive\"  data-ultimate-target='#interactive-banner-wrap-8612 .ult-new-ib-content'  data-responsive-json-new='{\"font-size\":\"\",\"line-height\":\"\"}'  style=\"font-weight:normal;color:#ffffff;\"><p>As a major player in the aeronautical world, Nexteam is implementing a development strategy focused on service and performance to support its customers as closely as possible to their needs.<\/p><\/div><\/div><a class=\"ult-new-ib-link\" href=\"http:\/\/www.nexteam-group.com\/le-groupe\/vision-strategique\/\"  ><\/a><\/div>[\/vc_column][\/vc_row][vc_row fullwidth=&#8221;true&#8221; id=&#8221;implantations&#8221; css=&#8221;.vc_custom_1721996174704{padding-top: 40px !important;}&#8221;][vc_column][vc_column_text disable_pattern=&#8221;false&#8221; align=&#8221;center&#8221; animation=&#8221;top-to-bottom&#8221; css=&#8221;.vc_custom_1712308130152{margin-bottom: 0px !important;}&#8221;]\n<h3>Locations<\/h3>\n[\/vc_column_text][vc_column_text css=&#8221;.vc_custom_1729850124591{margin-bottom: 0px !important;}&#8221;]<style type=\"text\/css\" id=\"gmpMapStyles_2_91478\">\r\n\t#google_map_easy_2_91478 {\r\n        width: 100%;\r\n        height: 500px;\r\n\t\t\t\t\t\t    }\r\n\t#gmapControlsNum_2_91478 {\r\n\t\twidth:100%\t}\r\n\t.gmpMapDetailsContainer#gmpMapDetailsContainer_2_91478 {\r\n\t\theight:500px;\r\n\t}\r\n\t.gmp_MapPreview#google_map_easy_2_91478 {\r\n\t\t\/*position:absolute;*\/\r\n\t\twidth: 100%;\r\n\t}\r\n\t#mapConElem_2_91478{\r\n\t\twidth: 100%\t}\r\n    .gm-style .gm-style-iw-c{\r\n        padding: 12px!important;\r\n    }\r\n\t    <\/style>\r\n <div class=\"gmp_map_opts\" id=\"mapConElem_2_91478\" data-id=\"2\" data-view-id=\"2_91478\" > <div class=\"gmpMapDetailsContainer\" id=\"gmpMapDetailsContainer_2_91478\"> <i class=\"gmpKMLLayersPreloader fa fa-spinner fa-spin\" aria-hidden=\"true\" style=\"display: none;\"><\/i> <div class=\"gmp_MapPreview \" id=\"google_map_easy_2_91478\"><\/div> <\/div> <div class=\"gmpMapMarkerFilters\" id=\"gmpMapMarkerFilters_2_91478\"> <\/div> <div class=\"gmpMapProControlsCon\" id=\"gmpMapProControlsCon_2_91478\"> <a title=\"Google Maps Wordpress\" style=\"display:none;\" href=\"https:\/\/supsystic.com\/plugins\/google-maps-plugin\/?utm_medium=love_link_hide\" target=\"_blank\">Google Maps Wordpress<\/a><div style=\"clear: both;\"><\/div> <\/div> <div class=\"gmpMapProDirectionsCon\" id=\"gmpMapProDirectionsCon_2_91478\" > <\/div> <div class=\"gmpMapProKmlFilterCon\" id=\"gmpMapProKmlFilterCon_2_91478\" > <\/div> <div class=\"gmpSocialSharingShell gmpSocialSharingShell_2_91478\"> <\/div> <div style=\"clear: both;\"><\/div> <\/div> [\/vc_column_text][\/vc_column][\/vc_row]\n<\/div>","protected":false},"excerpt":{"rendered":"<p>[vc_row fullwidth=&#8221;true&#8221; fullwidth_content=&#8221;false&#8221; parallax=&#8221;content-moving&#8221; parallax_image=&#8221;784&#8243; animation=&#8221;fade-in&#8221; css=&#8221;.vc_custom_1524604015996{padding-top: 500px !important;background-color: #000000 !important;}&#8221; el_class=&#8221;top-page&#8221;][vc_column][vc_column_text disable_pattern=&#8221;false&#8221; el_class=&#8221;top-page-wrapper-blanc&#8221; css=&#8221;.vc_custom_1524601964350{padding-top: 100px !important;padding-right: 16.66666667% !important;padding-left: 16.66666667% !important;background-color: #ffffff !important;}&#8221;] D\u00e9poser sa candidature [\/vc_column_text][\/vc_column][\/vc_row][vc_row el_class=&#8221;depot-form&#8221;][vc_column css=&#8221;.vc_custom_1524598228866{margin-bottom: 80px !important;padding-right: 16.66666667% !important;padding-left: 16.66666667% !important;}&#8221;][\/vc_column][\/vc_row][vc_row fullwidth=&#8221;true&#8221; fullwidth_content=&#8221;false&#8221; equal_columns=&#8221;true&#8221; animation=&#8221;fade-in&#8221; el_class=&#8221;CTA-classique&#8221; css=&#8221;.vc_custom_1524067458882{margin-top: -40px !important;margin-bottom: 150px !important;}&#8221;][vc_column width=&#8221;1\/3&#8243;][\/vc_column][vc_column width=&#8221;1\/3&#8243;][\/vc_column][vc_column width=&#8221;1\/3&#8243;][\/vc_column][\/vc_row][vc_row fullwidth=&#8221;true&#8221; id=&#8221;implantations&#8221; css=&#8221;.vc_custom_1721996174704{padding-top: 40px !important;}&#8221;][vc_column][vc_column_text disable_pattern=&#8221;false&#8221; align=&#8221;center&#8221; [&hellip;]<\/p>\n","protected":false},"author":1,"featured_media":0,"parent":2481,"menu_order":2,"comment_status":"closed","ping_status":"closed","template":"","meta":{"_acf_changed":false,"footnotes":""},"class_list":["post-2488","page","type-page","status-publish","hentry"],"acf":[],"_links":{"self":[{"href":"https:\/\/www.nexteam-group.com\/en\/wp-json\/wp\/v2\/pages\/2488","targetHints":{"allow":["GET"]}}],"collection":[{"href":"https:\/\/www.nexteam-group.com\/en\/wp-json\/wp\/v2\/pages"}],"about":[{"href":"https:\/\/www.nexteam-group.com\/en\/wp-json\/wp\/v2\/types\/page"}],"author":[{"embeddable":true,"href":"https:\/\/www.nexteam-group.com\/en\/wp-json\/wp\/v2\/users\/1"}],"replies":[{"embeddable":true,"href":"https:\/\/www.nexteam-group.com\/en\/wp-json\/wp\/v2\/comments?post=2488"}],"version-history":[{"count":11,"href":"https:\/\/www.nexteam-group.com\/en\/wp-json\/wp\/v2\/pages\/2488\/revisions"}],"predecessor-version":[{"id":36307,"href":"https:\/\/www.nexteam-group.com\/en\/wp-json\/wp\/v2\/pages\/2488\/revisions\/36307"}],"up":[{"embeddable":true,"href":"https:\/\/www.nexteam-group.com\/en\/wp-json\/wp\/v2\/pages\/2481"}],"wp:attachment":[{"href":"https:\/\/www.nexteam-group.com\/en\/wp-json\/wp\/v2\/media?parent=2488"}],"curies":[{"name":"wp","href":"https:\/\/api.w.org\/{rel}","templated":true}]}}