{"id":2478,"date":"2018-04-11T13:03:56","date_gmt":"2018-04-11T11:03:56","guid":{"rendered":"http:\/\/www.nexteam-group.com\/innovation\/"},"modified":"2024-08-16T16:51:32","modified_gmt":"2024-08-16T14:51:32","slug":"innovation","status":"publish","type":"page","link":"https:\/\/www.nexteam-group.com\/en\/innovation\/","title":{"rendered":"Innovation"},"content":{"rendered":"<div class=\"wpb-content-wrapper\">[vc_row fullwidth=&#8221;true&#8221; fullwidth_content=&#8221;false&#8221; parallax=&#8221;content-moving&#8221; parallax_image=&#8221;440&#8243; animation=&#8221;fade-in&#8221; css=&#8221;.vc_custom_1535987996960{padding-top: 500px !important;background-color: #000000 !important;}&#8221; el_class=&#8221;top-page&#8221;][vc_column][vc_column_text disable_pattern=&#8221;false&#8221; el_class=&#8221;top-page-wrapper-blanc&#8221; css=&#8221;.vc_custom_1672999804220{padding-top: 100px !important;padding-right: 16.66666667% !important;padding-left: 16.66666667% !important;background-color: #ffffff !important;}&#8221;]\n<h2>Innovation<\/h2>\n<p>NEXTEAM&#8217;s business model is strongly focused on innovation and R&amp;D, with the ambition of offering its customers the best of today&#8217;s technologies, while preparing for the industrial challenges of the future.<\/p>\n<p>The Innovation Division focuses its efforts on three major R&amp;D themes: innovative products and services, new technologies and materials, and Factory 4.0, with the automation and digitization of the value chain. Alongside major industrial players, equipment manufacturers and research institutions, it also participates in collaborative research projects. NEXTEAM also has a dedicated R&amp;D team, made up exclusively of in-house engineers.<\/p>\n<p>The extensive technical and methodological know-how and expertise acquired over the years enable NEXTEAM to carry out ever more ambitious innovation projects.[\/vc_column_text][\/vc_column][\/vc_row][vc_row fullwidth=&#8221;true&#8221; el_class=&#8221;projets-innovants&#8221; css=&#8221;.vc_custom_1524246881792{margin-top: 80px !important;}&#8221;][vc_column][vc_column_text css=&#8221;.vc_custom_1524245028306{margin-bottom: 40px !important;}&#8221;]\n<h3>Projets innovants<\/h3>\n[\/vc_column_text]<div id=\"ult-carousel-40724141966a07fb6ea459b\" class=\"ult-carousel-wrapper   ult_horizontal\" data-gutter=\"15\" data-rtl=\"false\" ><div class=\"ult-carousel-25458578526a07fb6ea455f \" >[mk_image src=&#8221;http:\/\/www.nexteam-group.com\/wp-content\/uploads\/2018\/05\/innovation_projet_1_20170509_161822.jpg&#8221; image_width=&#8221;385&#8243; image_height=&#8221;270&#8243; lightbox=&#8221;true&#8221; frame_style=&#8221;shadow_only&#8221; title=&#8221;TRANSMISSION DE PUISSANCE&#8221; desc=&#8221;Projet de recherche sur arbre de transmission d&apos;h\u00e9licopt\u00e8re pour d\u00e9velopper des outils et m\u00e9thodes de conception permettant d&apos;optimiser le co\u00fbt des composants des ensembles m\u00e9caniques de transmission de puissance.&#8221; caption_location=&#8221;outside-image&#8221; margin_bottom=&#8221;40&#8243; animation=&#8221;bottom-to-top&#8221;][mk_image src=&#8221;http:\/\/www.nexteam-group.com\/wp-content\/uploads\/2018\/05\/innovation_projet_syrena_projet-2_dscn2086.jpg&#8221; image_width=&#8221;385&#8243; image_height=&#8221;270&#8243; lightbox=&#8221;true&#8221; frame_style=&#8221;shadow_only&#8221; title=&#8221;HYDRAULIQUE&#8221; desc=&#8221;Projet collaboratif SYRENA. Conception et r\u00e9alisation d&apos;un d\u00e9monstrateur d&apos;actionneur hydraulique permettant faire varier le d\u00e9bit d&apos;entr\u00e9e d&apos;air de turbomoteur.&#8221; caption_location=&#8221;outside-image&#8221; margin_bottom=&#8221;40&#8243; animation=&#8221;bottom-to-top&#8221;][mk_image src=&#8221;http:\/\/www.nexteam-group.com\/wp-content\/uploads\/2018\/06\/caraibe2.jpg&#8221; image_width=&#8221;385&#8243; image_height=&#8221;270&#8243; lightbox=&#8221;true&#8221; frame_style=&#8221;shadow_only&#8221; title=&#8221;USINAGE MAGNESIUM&#8221; desc=&#8221;Projet CARAIBE (CARters Aeronautiques Innovants \u00e0 B\u00e9n\u00e9fice Environnemental). Projet collaboratif labellis\u00e9 Aerospace Valley. Optimisation d&apos;usinage sur brut forg\u00e9 et matric\u00e9. Co-design et d\u00e9veloppement de strat\u00e9gies d&apos;usinage optimis\u00e9es pour le magn\u00e9sium.&#8221; caption_location=&#8221;outside-image&#8221; margin_bottom=&#8221;40&#8243; animation=&#8221;bottom-to-top&#8221;][mk_image src=&#8221;http:\/\/www.nexteam-group.com\/wp-content\/uploads\/2018\/05\/innovation_projet_4_20170509_161822.jpg&#8221; image_width=&#8221;385&#8243; image_height=&#8221;270&#8243; lightbox=&#8221;true&#8221; frame_style=&#8221;shadow_only&#8221; title=&#8221;VIBRATIONS&#8221; desc=&#8221;D\u00e9veloppement d&apos;un mod\u00e8le de bo\u00eete de transmission principale pour tests d&apos;int\u00e9gration sur H\/C.&#8221; caption_location=&#8221;outside-image&#8221; margin_bottom=&#8221;40&#8243; animation=&#8221;bottom-to-top&#8221;][mk_image src=&#8221;http:\/\/www.nexteam-group.com\/wp-content\/uploads\/2018\/05\/innovation_projet_6_sofop-53.jpg&#8221; image_width=&#8221;385&#8243; image_height=&#8221;270&#8243; lightbox=&#8221;true&#8221; frame_style=&#8221;shadow_only&#8221; title=&#8221;AUTOMATISATION&#8221; desc=&#8221;Automatisation: Syst\u00e8mes de palettisation avec cellule automatis\u00e9e compl\u00e8te de la mati\u00e8re premi\u00e8re \u00e0 la pi\u00e8ce finie et marqu\u00e9e. Outils Loader Robot pour fraiseuse \u00e0 portique.&#8221; caption_location=&#8221;outside-image&#8221; margin_bottom=&#8221;40&#8243; animation=&#8221;bottom-to-top&#8221;]<\/div><\/div>\t\t\t<script type=\"text\/javascript\">\n\t\t\t\tjQuery(document).ready(function ($) {\n\t\t\t\t\tif( typeof jQuery('.ult-carousel-25458578526a07fb6ea455f').slick == \"function\"){\n\t\t\t\t\t\t$('.ult-carousel-25458578526a07fb6ea455f').slick({dots: false,autoplay: true,autoplaySpeed: \"5000\",speed: \"300\",infinite: true,arrows: true,nextArrow: '<button type=\"button\" role=\"button\" aria-label=\"Next\" style=\"color:#ffffff; font-size:40px;\" class=\"slick-next default\"><i class=\"ultsl-arrow-right6\"><\/i><\/button>',prevArrow: '<button type=\"button\" role=\"button\" aria-label=\"Previous\" style=\"color:#ffffff; font-size:40px;\" class=\"slick-prev default\"><i class=\"ultsl-arrow-left6\"><\/i><\/button>',slidesToScroll:1,slidesToShow:5,swipe: true,draggable: true,touchMove: true,pauseOnHover: true,pauseOnFocus: false,responsive: [\n\t\t\t\t\t\t\t{\n\t\t\t\t\t\t\t  breakpoint: 1026,\n\t\t\t\t\t\t\t  settings: {\n\t\t\t\t\t\t\t\tslidesToShow: 5,\n\t\t\t\t\t\t\t\tslidesToScroll: 1,  \n\t\t\t\t\t\t\t  }\n\t\t\t\t\t\t\t},\n\t\t\t\t\t\t\t{\n\t\t\t\t\t\t\t  breakpoint: 1025,\n\t\t\t\t\t\t\t  settings: {\n\t\t\t\t\t\t\t\tslidesToShow: 2,\n\t\t\t\t\t\t\t\tslidesToScroll: 1\n\t\t\t\t\t\t\t  }\n\t\t\t\t\t\t\t},\n\t\t\t\t\t\t\t{\n\t\t\t\t\t\t\t  breakpoint: 760,\n\t\t\t\t\t\t\t  settings: {\n\t\t\t\t\t\t\t\tslidesToShow: 1,\n\t\t\t\t\t\t\t\tslidesToScroll: 1\n\t\t\t\t\t\t\t  }\n\t\t\t\t\t\t\t}\n\t\t\t\t\t\t],pauseOnDotsHover: true,customPaging: function(slider, i) {\n                   return '<i type=\"button\" style= \"color:#333333;\" class=\"ultsl-record\" data-role=\"none\"><\/i>';\n                },});\n\t\t\t\t\t}\n\t\t\t\t});\n\t\t\t<\/script>\n\t\t\t[\/vc_column][\/vc_row][vc_row fullwidth=&#8221;true&#8221; fullwidth_content=&#8221;false&#8221; equal_columns=&#8221;true&#8221; el_class=&#8221;bandeau-partenaires&#8221; css=&#8221;.vc_custom_1714744409033{padding-top: 50px !important;padding-bottom: 160px !important;}&#8221;][vc_column][vc_column_text disable_pattern=&#8221;false&#8221; align=&#8221;center&#8221; animation=&#8221;top-to-bottom&#8221; el_class=&#8221;h2-title&#8221; css=&#8221;.vc_custom_1523873116472{margin-bottom: 0px !important;}&#8221;]\n<h2>Ils nous font confiance<\/h2>\n[\/vc_column_text]<div id=\"ult-carousel-13737439886a07fb6ea467b\" class=\"ult-carousel-wrapper  vc_custom_1523873262868  ult_horizontal\" data-gutter=\"15\" data-rtl=\"false\" ><div class=\"ult-carousel-13705539666a07fb6ea4664 \" >[mk_image src=&#8221;http:\/\/www.nexteam-group.com\/wp-content\/uploads\/2018\/04\/logo-safran.jpg&#8221; image_size=&#8221;full&#8221; link=&#8221;https:\/\/www.safran-landing-systems.com\/fr&#8221; align=&#8221;center&#8221; margin_bottom=&#8221;0&#8243; animation=&#8221;fade-in&#8221;][mk_image src=&#8221;http:\/\/www.nexteam-group.com\/wp-content\/uploads\/2018\/04\/logo-airbus.jpg&#8221; image_size=&#8221;full&#8221; link=&#8221;https:\/\/www.airbus.com\/&#8221; align=&#8221;center&#8221; margin_bottom=&#8221;0&#8243; animation=&#8221;fade-in&#8221;][mk_image src=&#8221;http:\/\/www.nexteam-group.com\/wp-content\/uploads\/2018\/04\/logo-dassault.jpg&#8221; image_size=&#8221;full&#8221; link=&#8221;https:\/\/www.dassault-aviation.com\/fr\/&#8221; align=&#8221;center&#8221; margin_bottom=&#8221;0&#8243; animation=&#8221;fade-in&#8221;][mk_image src=&#8221;http:\/\/www.nexteam-group.com\/wp-content\/uploads\/2018\/04\/logo-utc.jpg&#8221; image_size=&#8221;full&#8221; link=&#8221;https:\/\/www.utcaerospacesystems.com\/&#8221; align=&#8221;center&#8221; margin_bottom=&#8221;0&#8243; animation=&#8221;fade-in&#8221;][mk_image src=&#8221;http:\/\/www.nexteam-group.com\/wp-content\/uploads\/2018\/05\/thales_logo.png&#8221; image_size=&#8221;full&#8221; link=&#8221;https:\/\/www.thalesgroup.com\/fr&#8221; align=&#8221;center&#8221; margin_bottom=&#8221;0&#8243; animation=&#8221;fade-in&#8221;][mk_image src=&#8221;http:\/\/www.nexteam-group.com\/wp-content\/uploads\/2018\/05\/roxel.png&#8221; image_size=&#8221;full&#8221; link=&#8221;https:\/\/www.roxelgroup.com\/&#8221; align=&#8221;center&#8221; margin_bottom=&#8221;0&#8243; animation=&#8221;fade-in&#8221;][mk_image src=&#8221;http:\/\/www.nexteam-group.com\/wp-content\/uploads\/2018\/05\/lord-corporation.png&#8221; image_size=&#8221;full&#8221; link=&#8221;https:\/\/www.lord.com\/&#8221; align=&#8221;center&#8221; margin_bottom=&#8221;0&#8243; animation=&#8221;fade-in&#8221;][mk_image src=&#8221;http:\/\/www.nexteam-group.com\/wp-content\/uploads\/2018\/05\/logo-stelia.png&#8221; image_size=&#8221;full&#8221; link=&#8221;http:\/\/www.stelia-aerospace.com\/en\/&#8221; align=&#8221;center&#8221; margin_bottom=&#8221;0&#8243; animation=&#8221;fade-in&#8221;][mk_image src=&#8221;http:\/\/www.nexteam-group.com\/wp-content\/uploads\/2018\/05\/liebherr-logo.png&#8221; image_size=&#8221;full&#8221; link=&#8221;https:\/\/www.liebherr.com&#8221; align=&#8221;center&#8221; margin_bottom=&#8221;0&#8243; animation=&#8221;fade-in&#8221;][mk_image src=&#8221;http:\/\/www.nexteam-group.com\/wp-content\/uploads\/2018\/05\/logo_airbus-safran-launcher.png&#8221; image_size=&#8221;full&#8221; link=&#8221;https:\/\/www.safran-group.com\/fr&#8221; align=&#8221;center&#8221; margin_bottom=&#8221;0&#8243; animation=&#8221;fade-in&#8221;][mk_image src=&#8221;http:\/\/www.nexteam-group.com\/wp-content\/uploads\/2018\/05\/hutchinson_logo.png&#8221; image_size=&#8221;full&#8221; link=&#8221;https:\/\/www.hutchinson.com\/fr&#8221; align=&#8221;center&#8221; margin_bottom=&#8221;0&#8243; animation=&#8221;fade-in&#8221;][mk_image src=&#8221;http:\/\/www.nexteam-group.com\/wp-content\/uploads\/2018\/05\/cea_logotype.png&#8221; image_size=&#8221;full&#8221; link=&#8221;http:\/\/www.cea.fr\/&#8221; align=&#8221;center&#8221; margin_bottom=&#8221;0&#8243; animation=&#8221;fade-in&#8221;]<\/div><\/div>\t\t\t<script type=\"text\/javascript\">\n\t\t\t\tjQuery(document).ready(function ($) {\n\t\t\t\t\tif( typeof jQuery('.ult-carousel-13705539666a07fb6ea4664').slick == \"function\"){\n\t\t\t\t\t\t$('.ult-carousel-13705539666a07fb6ea4664').slick({dots: false,autoplay: true,autoplaySpeed: \"5000\",speed: \"300\",infinite: true,arrows: true,nextArrow: '<button type=\"button\" role=\"button\" aria-label=\"Next\" style=\"color:#5a5a5a; font-size:20px;\" class=\"slick-next default\"><i class=\"ultsl-arrow-right6\"><\/i><\/button>',prevArrow: '<button type=\"button\" role=\"button\" aria-label=\"Previous\" style=\"color:#5a5a5a; font-size:20px;\" class=\"slick-prev default\"><i class=\"ultsl-arrow-left6\"><\/i><\/button>',slidesToScroll:5,slidesToShow:5,swipe: true,draggable: true,touchMove: true,pauseOnHover: true,pauseOnFocus: false,responsive: [\n\t\t\t\t\t\t\t{\n\t\t\t\t\t\t\t  breakpoint: 1026,\n\t\t\t\t\t\t\t  settings: {\n\t\t\t\t\t\t\t\tslidesToShow: 5,\n\t\t\t\t\t\t\t\tslidesToScroll: 5,  \n\t\t\t\t\t\t\t  }\n\t\t\t\t\t\t\t},\n\t\t\t\t\t\t\t{\n\t\t\t\t\t\t\t  breakpoint: 1025,\n\t\t\t\t\t\t\t  settings: {\n\t\t\t\t\t\t\t\tslidesToShow: 3,\n\t\t\t\t\t\t\t\tslidesToScroll: 3\n\t\t\t\t\t\t\t  }\n\t\t\t\t\t\t\t},\n\t\t\t\t\t\t\t{\n\t\t\t\t\t\t\t  breakpoint: 760,\n\t\t\t\t\t\t\t  settings: {\n\t\t\t\t\t\t\t\tslidesToShow: 2,\n\t\t\t\t\t\t\t\tslidesToScroll: 2\n\t\t\t\t\t\t\t  }\n\t\t\t\t\t\t\t}\n\t\t\t\t\t\t],pauseOnDotsHover: true,customPaging: function(slider, i) {\n                   return '<i type=\"button\" style= \"color:#333333;\" class=\"ultsl-record\" data-role=\"none\"><\/i>';\n                },});\n\t\t\t\t\t}\n\t\t\t\t});\n\t\t\t<\/script>\n\t\t\t[\/vc_column][\/vc_row][vc_row fullwidth=&#8221;true&#8221; id=&#8221;implantations&#8221; css=&#8221;.vc_custom_1526592031359{margin-top: -30px !important;}&#8221;][vc_column][vc_column_text disable_pattern=&#8221;false&#8221; align=&#8221;center&#8221; animation=&#8221;top-to-bottom&#8221; css=&#8221;.vc_custom_1712308130152{margin-bottom: 0px !important;}&#8221;]\n<h3>Our locations<\/h3>\n[\/vc_column_text][vc_column_text css=&#8221;.vc_custom_1722248689092{margin-bottom: 0px !important;}&#8221;]<style type=\"text\/css\" id=\"gmpMapStyles_2_72211\">\r\n\t#google_map_easy_2_72211 {\r\n        width: 100%;\r\n        height: 500px;\r\n\t\t\t\t\t\t    }\r\n\t#gmapControlsNum_2_72211 {\r\n\t\twidth:100%\t}\r\n\t.gmpMapDetailsContainer#gmpMapDetailsContainer_2_72211 {\r\n\t\theight:500px;\r\n\t}\r\n\t.gmp_MapPreview#google_map_easy_2_72211 {\r\n\t\t\/*position:absolute;*\/\r\n\t\twidth: 100%;\r\n\t}\r\n\t#mapConElem_2_72211{\r\n\t\twidth: 100%\t}\r\n    .gm-style .gm-style-iw-c{\r\n        padding: 12px!important;\r\n    }\r\n\t    <\/style>\r\n <div class=\"gmp_map_opts\" id=\"mapConElem_2_72211\" data-id=\"2\" data-view-id=\"2_72211\" > <div class=\"gmpMapDetailsContainer\" id=\"gmpMapDetailsContainer_2_72211\"> <i class=\"gmpKMLLayersPreloader fa fa-spinner fa-spin\" aria-hidden=\"true\" style=\"display: none;\"><\/i> <div class=\"gmp_MapPreview \" id=\"google_map_easy_2_72211\"><\/div> <\/div> <div class=\"gmpMapMarkerFilters\" id=\"gmpMapMarkerFilters_2_72211\"> <\/div> <div class=\"gmpMapProControlsCon\" id=\"gmpMapProControlsCon_2_72211\"> <a title=\"Google Maps Wordpress\" style=\"display:none;\" href=\"https:\/\/supsystic.com\/plugins\/google-maps-plugin\/?utm_medium=love_link_hide\" target=\"_blank\">Google Maps Wordpress<\/a><div style=\"clear: both;\"><\/div> <\/div> <div class=\"gmpMapProDirectionsCon\" id=\"gmpMapProDirectionsCon_2_72211\" > <\/div> <div class=\"gmpMapProKmlFilterCon\" id=\"gmpMapProKmlFilterCon_2_72211\" > <\/div> <div class=\"gmpSocialSharingShell gmpSocialSharingShell_2_72211\"> <\/div> <div style=\"clear: both;\"><\/div> <\/div> [\/vc_column_text][\/vc_column][\/vc_row]\n<\/div>","protected":false},"excerpt":{"rendered":"<p>[vc_row fullwidth=&#8221;true&#8221; fullwidth_content=&#8221;false&#8221; parallax=&#8221;content-moving&#8221; parallax_image=&#8221;440&#8243; animation=&#8221;fade-in&#8221; css=&#8221;.vc_custom_1535987996960{padding-top: 500px !important;background-color: #000000 !important;}&#8221; el_class=&#8221;top-page&#8221;][vc_column][vc_column_text disable_pattern=&#8221;false&#8221; el_class=&#8221;top-page-wrapper-blanc&#8221; css=&#8221;.vc_custom_1672999804220{padding-top: 100px !important;padding-right: 16.66666667% !important;padding-left: 16.66666667% !important;background-color: #ffffff !important;}&#8221;] Innovation NEXTEAM&#8217;s business model is strongly focused on innovation and R&amp;D, with the ambition of offering its customers the best of today&#8217;s technologies, while preparing for the industrial challenges of the future. [&hellip;]<\/p>\n","protected":false},"author":1,"featured_media":0,"parent":0,"menu_order":4,"comment_status":"closed","ping_status":"closed","template":"","meta":{"_acf_changed":false,"footnotes":""},"class_list":["post-2478","page","type-page","status-publish","hentry"],"acf":[],"_links":{"self":[{"href":"https:\/\/www.nexteam-group.com\/en\/wp-json\/wp\/v2\/pages\/2478","targetHints":{"allow":["GET"]}}],"collection":[{"href":"https:\/\/www.nexteam-group.com\/en\/wp-json\/wp\/v2\/pages"}],"about":[{"href":"https:\/\/www.nexteam-group.com\/en\/wp-json\/wp\/v2\/types\/page"}],"author":[{"embeddable":true,"href":"https:\/\/www.nexteam-group.com\/en\/wp-json\/wp\/v2\/users\/1"}],"replies":[{"embeddable":true,"href":"https:\/\/www.nexteam-group.com\/en\/wp-json\/wp\/v2\/comments?post=2478"}],"version-history":[{"count":16,"href":"https:\/\/www.nexteam-group.com\/en\/wp-json\/wp\/v2\/pages\/2478\/revisions"}],"predecessor-version":[{"id":34246,"href":"https:\/\/www.nexteam-group.com\/en\/wp-json\/wp\/v2\/pages\/2478\/revisions\/34246"}],"wp:attachment":[{"href":"https:\/\/www.nexteam-group.com\/en\/wp-json\/wp\/v2\/media?parent=2478"}],"curies":[{"name":"wp","href":"https:\/\/api.w.org\/{rel}","templated":true}]}}