{"id":2433,"date":"2018-04-11T13:35:38","date_gmt":"2018-04-11T11:35:38","guid":{"rendered":"http:\/\/www.nexteam-group.com\/thegroup\/valeurs\/"},"modified":"2025-12-05T11:17:50","modified_gmt":"2025-12-05T10:17:50","slug":"values","status":"publish","type":"page","link":"https:\/\/www.nexteam-group.com\/en\/thegroup\/values\/","title":{"rendered":"Values &#038; strategic vision"},"content":{"rendered":"<div class=\"wpb-content-wrapper\">[vc_row fullwidth=&#8221;true&#8221; fullwidth_content=&#8221;false&#8221; parallax=&#8221;content-moving&#8221; parallax_image=&#8221;2132&#8243; parallax_speed_bg=&#8221;1&#8243; animation=&#8221;fade-in&#8221; css=&#8221;.vc_custom_1535986428255{padding-top: 500px !important;background-color: #000000 !important;}&#8221; el_class=&#8221;top-page&#8221;][vc_column][vc_column_text disable_pattern=&#8221;false&#8221; el_class=&#8221;top-page-wrapper-blanc&#8221; css=&#8221;.vc_custom_1525424651515{margin-bottom: 80px !important;padding-top: 100px !important;padding-right: 16.66666667% !important;padding-bottom: 100px !important;padding-left: 16.66666667% !important;background-color: #ffffff !important;}&#8221;]\n<h2>Valeurs<\/h2>\n<p><img loading=\"lazy\" decoding=\"async\" class=\"wp-image-14626 size-large aligncenter\" src=\"https:\/\/www.nexteam-group.com\/wp-content\/uploads\/2022\/07\/valeurs-1024x468.png\" alt=\"\" width=\"1024\" height=\"468\" srcset=\"https:\/\/www.nexteam-group.com\/wp-content\/uploads\/2022\/07\/valeurs-1024x468.png 1024w, https:\/\/www.nexteam-group.com\/wp-content\/uploads\/2022\/07\/valeurs-300x137.png 300w, https:\/\/www.nexteam-group.com\/wp-content\/uploads\/2022\/07\/valeurs-768x351.png 768w, https:\/\/www.nexteam-group.com\/wp-content\/uploads\/2022\/07\/valeurs-600x274.png 600w, https:\/\/www.nexteam-group.com\/wp-content\/uploads\/2022\/07\/valeurs.png 1185w\" sizes=\"auto, (max-width: 1024px) 100vw, 1024px\" \/><\/p>\n<h2>Vision strat\u00e9gique<\/h2>\n<p>Nexteam<strong> s\u2019appuie sur l\u2019expertise technique de ses \u00e9quipes, une excellence industrielle et technologique et un sens du service fond\u00e9s sur des savoir-faire historiques constamment modernis\u00e9s. <\/strong><\/p>\n<ul>\n<li><strong>Un attachement \u00e0 l\u2019expertise technique : <\/strong>le go\u00fbt de l\u2019excellence port\u00e9 par l\u2019ensemble des pr\u00e8s de 2000 collaborateurs de l\u2019entreprise contribue \u00e0 la conservation et \u00e0 l\u2019am\u00e9lioration de l\u2019expertise et des savoir-faire techniques en mati\u00e8re de pi\u00e8ces m\u00e9talliques, notamment de haute pr\u00e9cision<strong><em>.<\/em>\u00a0<\/strong><\/li>\n<li><strong>La pleine satisfaction des clients en mati\u00e8re de qualit\u00e9 et de respect des d\u00e9lais de production s\u2019appuie sur <\/strong><strong>des savoir-faire constamment modernis\u00e9s. <\/strong><strong>Cette satisfaction tire son origine d\u2019une tr\u00e8s forte culture du service<\/strong> pr\u00e9sente dans tous les sites de production de l\u2019entreprise depuis son origine.\n<ul>\n<li style=\"list-style-type: none;\">\n<ul>\n<li>Elle se manifeste notamment par la r\u00e9activit\u00e9 et l\u2019agilit\u00e9 d\u2019actions pour r\u00e9pondre aux besoins des clients. ex\/ AOG<\/li>\n<li>Elle appara\u00eet dans la capacit\u00e9 \u00e0 fabriquer des pi\u00e8ces d\u2019exception pour un secteur exigeant. ex\/ pi\u00e8ce d\u2019exception<\/li>\n<li>Elle s\u2019affirme \u00e9galement dans la capacit\u00e9 des sites \u00e0 travailler ensemble ou en compl\u00e9mentarit\u00e9, en France comme \u00e0 l\u2019\u00e9tranger.<\/li>\n<\/ul>\n<\/li>\n<\/ul>\n<\/li>\n<li><strong>Un investissement technologique significatif<\/strong> \u00e0 toutes les \u00e9chelles de l\u2019entreprise.\n<ul>\n<li style=\"list-style-type: none;\">\n<ul>\n<li>Plus de 160 M\u20ac ont \u00e9t\u00e9 investis au cours des 7 derni\u00e8res ann\u00e9es pour moderniser et digitaliser les ateliers et moyens industriels.<\/li>\n<li>La digitalisation compl\u00e8te de l\u2019entreprise, tous les m\u00e9tiers et toutes les fonctions, repr\u00e9sente \u00e0 elle seule 14 M\u20ac d\u2019investissement au cours des ann\u00e9es 2020 et 2021.<\/li>\n<\/ul>\n<\/li>\n<\/ul>\n<\/li>\n<li><strong>L\u2019excellence attendue par l\u2019ensemble des secteurs a\u00e9ronautique et de d\u00e9fense forge la culture de Nexteam depuis son origine.<\/strong><\/li>\n<\/ul>\n[\/vc_column_text][\/vc_column][\/vc_row][vc_row fullwidth=&#8221;true&#8221; fullwidth_content=&#8221;false&#8221; equal_columns=&#8221;true&#8221; animation=&#8221;fade-in&#8221; el_class=&#8221;CTA-classique&#8221; css=&#8221;.vc_custom_1714735982930{margin-top: -40px !important;margin-bottom: 50px !important;}&#8221;][vc_column width=&#8221;1\/3&#8243;]<div tabindex=\"0\" class=\"ult-new-ib ult-ib-effect-style1 CTA-classique-wrapper ult-ib-resp  \" data-min-width=\"768\" data-max-width=\"900\" style=\"background:#000000;\" data-opacity=\"0.2\" data-hover-opacity=\"0.5\" ><img decoding=\"async\" class=\"ult-new-ib-img\" style=\"opacity:0.2;\" alt=\"null\" src=\"https:\/\/www.nexteam-group.com\/wp-content\/uploads\/2018\/04\/cta-histoire.jpg\"   \/><div id=\"interactive-banner-wrap-6004\" class=\"ult-new-ib-desc\" style=\"\"><h2 class=\"ult-new-ib-title ult-responsive\"  data-ultimate-target='#interactive-banner-wrap-6004 .ult-new-ib-title'  data-responsive-json-new='{\"font-size\":\"\",\"line-height\":\"\"}'  style=\"font-weight:normal;color:#ffffff;\">Histoire<\/h2><div class=\"ult-new-ib-content ult-responsive\"  data-ultimate-target='#interactive-banner-wrap-6004 .ult-new-ib-content'  data-responsive-json-new='{\"font-size\":\"\",\"line-height\":\"\"}'  style=\"font-weight:normal;color:#ffffff;\"><p>H\u00e9ritier d&apos;un demi-si\u00e8cle d&apos;histoire, Nexteam est le partenaire direct des principaux donneurs d&apos;ordre du secteur a\u00e9ronautique. Le groupe est n\u00e9 de la fusion en 2013 de 4 entreprises familiales d\u00e9sireuses d&apos;unir leurs compl\u00e9mentarit\u00e9s.<\/p><\/div><\/div><a class=\"ult-new-ib-link\" href=\"http:\/\/www.nexteam-group.com\/le-groupe\/histoire\/\"  ><\/a><\/div>[\/vc_column][vc_column width=&#8221;1\/3&#8243;]<div tabindex=\"0\" class=\"ult-new-ib ult-ib-effect-style1 CTA-classique-wrapper ult-ib-resp  \" data-min-width=\"768\" data-max-width=\"900\" style=\"background:#000000;\" data-opacity=\"0.2\" data-hover-opacity=\"0.5\" ><img decoding=\"async\" class=\"ult-new-ib-img\" style=\"opacity:0.2;\" alt=\"null\" src=\"https:\/\/www.nexteam-group.com\/wp-content\/uploads\/2018\/05\/engagements_sofop-62-forme.jpg\"   \/><div id=\"interactive-banner-wrap-6530\" class=\"ult-new-ib-desc\" style=\"\"><h2 class=\"ult-new-ib-title ult-responsive\"  data-ultimate-target='#interactive-banner-wrap-6530 .ult-new-ib-title'  data-responsive-json-new='{\"font-size\":\"\",\"line-height\":\"\"}'  style=\"font-weight:normal;color:#ffffff;\">Engagements<\/h2><div class=\"ult-new-ib-content ult-responsive\"  data-ultimate-target='#interactive-banner-wrap-6530 .ult-new-ib-content'  data-responsive-json-new='{\"font-size\":\"\",\"line-height\":\"\"}'  style=\"font-weight:normal;color:#ffffff;\"><p>Nexteam inscrit son activit\u00e9 dans une d\u00e9marche de responsabilit\u00e9 soci\u00e9tale, en faveur d&apos;une croissance durable, dans le dialogue avec ses salari\u00e9s et ses parties prenantes, dans le respect de l&apos;environnement.<\/p><\/div><\/div><a class=\"ult-new-ib-link\" href=\"http:\/\/www.nexteam-group.com\/le-groupe\/engagements\/\"  ><\/a><\/div>[\/vc_column][vc_column width=&#8221;1\/3&#8243;]<div tabindex=\"0\" class=\"ult-new-ib ult-ib-effect-style1 CTA-classique-wrapper ult-ib-resp  \" data-min-width=\"768\" data-max-width=\"900\" style=\"background:#000000;\" data-opacity=\"0.2\" data-hover-opacity=\"0.5\" ><img decoding=\"async\" class=\"ult-new-ib-img\" style=\"opacity:0.2;\" alt=\"null\" src=\"https:\/\/www.nexteam-group.com\/wp-content\/uploads\/2018\/05\/vision_strategique_sofop-53-forme.jpg\"   \/><div id=\"interactive-banner-wrap-8525\" class=\"ult-new-ib-desc\" style=\"\"><h2 class=\"ult-new-ib-title ult-responsive\"  data-ultimate-target='#interactive-banner-wrap-8525 .ult-new-ib-title'  data-responsive-json-new='{\"font-size\":\"\",\"line-height\":\"\"}'  style=\"font-weight:normal;color:#ffffff;\">Vision strat\u00e9gique<\/h2><div class=\"ult-new-ib-content ult-responsive\"  data-ultimate-target='#interactive-banner-wrap-8525 .ult-new-ib-content'  data-responsive-json-new='{\"font-size\":\"\",\"line-height\":\"\"}'  style=\"font-weight:normal;color:#ffffff;\"><p>Acteur majeur du monde a\u00e9ronautique, Nexteam met en \u0153uvre une strat\u00e9gie de d\u00e9veloppement centr\u00e9e sur le service et la performance pour accompagner ses clients au plus pr\u00e8s de leurs besoins.<\/p><\/div><\/div><a class=\"ult-new-ib-link\" href=\"http:\/\/www.nexteam-group.com\/le-groupe\/vision-strategique\/\"  ><\/a><\/div>[\/vc_column][\/vc_row][vc_row fullwidth=&#8221;true&#8221; fullwidth_content=&#8221;false&#8221; equal_columns=&#8221;true&#8221; el_class=&#8221;bandeau-partenaires&#8221; css=&#8221;.vc_custom_1729244187062{padding-top: 160px !important;padding-left: 100px !important;}&#8221;][vc_column][vc_column_text disable_pattern=&#8221;false&#8221; align=&#8221;center&#8221; animation=&#8221;top-to-bottom&#8221; el_class=&#8221;h2-title&#8221; css=&#8221;.vc_custom_1523873116472{margin-bottom: 0px !important;}&#8221;]\n<h2>Ils nous font confiance<\/h2>\n[\/vc_column_text]<div id=\"ult-carousel-309903678169e9d5e83398d\" class=\"ult-carousel-wrapper  vc_custom_1523873262868  ult_horizontal\" data-gutter=\"15\" data-rtl=\"false\" ><div class=\"ult-carousel-294487636769e9d5e83396c \" >[mk_image src=&#8221;https:\/\/www.nexteam-group.com\/wp-content\/uploads\/2024\/10\/safran.jpg&#8221; image_size=&#8221;full&#8221; link=&#8221;https:\/\/www.safran-landing-systems.com\/fr&#8221; align=&#8221;center&#8221; margin_bottom=&#8221;0&#8243; animation=&#8221;fade-in&#8221;][mk_image src=&#8221;https:\/\/www.nexteam-group.com\/wp-content\/uploads\/2024\/10\/airbus.jpg&#8221; image_size=&#8221;full&#8221; link=&#8221;https:\/\/www.airbus.com\/&#8221; align=&#8221;center&#8221; margin_bottom=&#8221;0&#8243; animation=&#8221;fade-in&#8221;][mk_image src=&#8221;https:\/\/www.nexteam-group.com\/wp-content\/uploads\/2024\/10\/dassault-aviation.jpg&#8221; image_size=&#8221;full&#8221; link=&#8221;https:\/\/www.dassault-aviation.com\/fr\/&#8221; align=&#8221;center&#8221; margin_bottom=&#8221;0&#8243; animation=&#8221;fade-in&#8221;][mk_image src=&#8221;https:\/\/www.nexteam-group.com\/wp-content\/uploads\/2024\/10\/heroux-devtek.jpg&#8221; image_size=&#8221;full&#8221; link=&#8221;https:\/\/www.utcaerospacesystems.com\/&#8221; align=&#8221;center&#8221; margin_bottom=&#8221;0&#8243; animation=&#8221;fade-in&#8221;][mk_image src=&#8221;https:\/\/www.nexteam-group.com\/wp-content\/uploads\/2024\/10\/thales.jpg&#8221; image_size=&#8221;full&#8221; link=&#8221;https:\/\/www.thalesgroup.com\/fr&#8221; align=&#8221;center&#8221; margin_bottom=&#8221;0&#8243; animation=&#8221;fade-in&#8221;][mk_image src=&#8221;https:\/\/www.nexteam-group.com\/wp-content\/uploads\/2025\/09\/roxel.jpg&#8221; image_size=&#8221;full&#8221; link=&#8221;https:\/\/www.roxelgroup.com\/&#8221; align=&#8221;center&#8221; margin_bottom=&#8221;0&#8243; animation=&#8221;fade-in&#8221;][mk_image src=&#8221;https:\/\/www.nexteam-group.com\/wp-content\/uploads\/2025\/09\/pratt-whitney.jpg&#8221; image_size=&#8221;full&#8221; link=&#8221;https:\/\/www.lord.com\/&#8221; align=&#8221;center&#8221; margin_bottom=&#8221;0&#8243; animation=&#8221;fade-in&#8221;][mk_image src=&#8221;https:\/\/www.nexteam-group.com\/wp-content\/uploads\/2024\/10\/rolls-royce.jpg&#8221; image_size=&#8221;full&#8221; link=&#8221;http:\/\/www.stelia-aerospace.com\/&#8221; align=&#8221;center&#8221; margin_bottom=&#8221;0&#8243; animation=&#8221;fade-in&#8221;][mk_image src=&#8221;https:\/\/www.nexteam-group.com\/wp-content\/uploads\/2024\/10\/liebherr.jpg&#8221; image_size=&#8221;full&#8221; link=&#8221;https:\/\/www.liebherr.com&#8221; align=&#8221;center&#8221; margin_bottom=&#8221;0&#8243; animation=&#8221;fade-in&#8221;][mk_image src=&#8221;https:\/\/www.nexteam-group.com\/wp-content\/uploads\/2024\/10\/ariane-group.jpg&#8221; image_size=&#8221;full&#8221; link=&#8221;https:\/\/www.safran-group.com\/fr\/&#8221; align=&#8221;center&#8221; margin_bottom=&#8221;0&#8243; animation=&#8221;fade-in&#8221;][mk_image src=&#8221;https:\/\/www.nexteam-group.com\/wp-content\/uploads\/2024\/10\/hutchinson.jpg&#8221; image_size=&#8221;full&#8221; link=&#8221;https:\/\/www.hutchinson.com\/fr&#8221; align=&#8221;center&#8221; margin_bottom=&#8221;0&#8243; animation=&#8221;fade-in&#8221;][mk_image src=&#8221;https:\/\/www.nexteam-group.com\/wp-content\/uploads\/2025\/09\/cea.jpg&#8221; image_size=&#8221;full&#8221; link=&#8221;www.cea.fr&#8221; align=&#8221;center&#8221; margin_bottom=&#8221;0&#8243; animation=&#8221;fade-in&#8221;][mk_image src=&#8221;https:\/\/www.nexteam-group.com\/wp-content\/uploads\/2025\/09\/collins-aerospace.jpg&#8221; image_size=&#8221;full&#8221; link=&#8221;www.cea.fr&#8221; align=&#8221;center&#8221; margin_bottom=&#8221;0&#8243; animation=&#8221;fade-in&#8221;]<\/div><\/div>\t\t\t<script type=\"text\/javascript\">\n\t\t\t\tjQuery(document).ready(function ($) {\n\t\t\t\t\tif( typeof jQuery('.ult-carousel-294487636769e9d5e83396c').slick == \"function\"){\n\t\t\t\t\t\t$('.ult-carousel-294487636769e9d5e83396c').slick({dots: false,autoplay: true,autoplaySpeed: \"5000\",speed: \"300\",infinite: true,arrows: true,nextArrow: '<button type=\"button\" role=\"button\" aria-label=\"Next\" style=\"color:#5a5a5a; font-size:20px;\" class=\"slick-next default\"><i class=\"ultsl-arrow-right6\"><\/i><\/button>',prevArrow: '<button type=\"button\" role=\"button\" aria-label=\"Previous\" style=\"color:#5a5a5a; font-size:20px;\" class=\"slick-prev default\"><i class=\"ultsl-arrow-left6\"><\/i><\/button>',slidesToScroll:5,slidesToShow:5,swipe: true,draggable: true,touchMove: true,pauseOnHover: true,pauseOnFocus: false,responsive: [\n\t\t\t\t\t\t\t{\n\t\t\t\t\t\t\t  breakpoint: 1026,\n\t\t\t\t\t\t\t  settings: {\n\t\t\t\t\t\t\t\tslidesToShow: 5,\n\t\t\t\t\t\t\t\tslidesToScroll: 5,  \n\t\t\t\t\t\t\t  }\n\t\t\t\t\t\t\t},\n\t\t\t\t\t\t\t{\n\t\t\t\t\t\t\t  breakpoint: 1025,\n\t\t\t\t\t\t\t  settings: {\n\t\t\t\t\t\t\t\tslidesToShow: 3,\n\t\t\t\t\t\t\t\tslidesToScroll: 3\n\t\t\t\t\t\t\t  }\n\t\t\t\t\t\t\t},\n\t\t\t\t\t\t\t{\n\t\t\t\t\t\t\t  breakpoint: 760,\n\t\t\t\t\t\t\t  settings: {\n\t\t\t\t\t\t\t\tslidesToShow: 2,\n\t\t\t\t\t\t\t\tslidesToScroll: 2\n\t\t\t\t\t\t\t  }\n\t\t\t\t\t\t\t}\n\t\t\t\t\t\t],pauseOnDotsHover: true,customPaging: function(slider, i) {\n                   return '<i type=\"button\" style= \"color:#333333;\" class=\"ultsl-record\" data-role=\"none\"><\/i>';\n                },});\n\t\t\t\t\t}\n\t\t\t\t});\n\t\t\t<\/script>\n\t\t\t[\/vc_column][\/vc_row][vc_row fullwidth=&#8221;true&#8221; id=&#8221;implantations&#8221;][vc_column][vc_column_text disable_pattern=&#8221;false&#8221; align=&#8221;center&#8221; animation=&#8221;top-to-bottom&#8221; css=&#8221;.vc_custom_1712308130152{margin-bottom: 0px !important;}&#8221;]\n<h3>Our locations<\/h3>\n[\/vc_column_text][vc_column_text css=&#8221;.vc_custom_1722248421944{margin-bottom: 0px !important;}&#8221;]<style type=\"text\/css\" id=\"gmpMapStyles_2_68839\">\r\n\t#google_map_easy_2_68839 {\r\n        width: 100%;\r\n        height: 500px;\r\n\t\t\t\t\t\t    }\r\n\t#gmapControlsNum_2_68839 {\r\n\t\twidth:100%\t}\r\n\t.gmpMapDetailsContainer#gmpMapDetailsContainer_2_68839 {\r\n\t\theight:500px;\r\n\t}\r\n\t.gmp_MapPreview#google_map_easy_2_68839 {\r\n\t\t\/*position:absolute;*\/\r\n\t\twidth: 100%;\r\n\t}\r\n\t#mapConElem_2_68839{\r\n\t\twidth: 100%\t}\r\n    .gm-style .gm-style-iw-c{\r\n        padding: 12px!important;\r\n    }\r\n\t    <\/style>\r\n <div class=\"gmp_map_opts\" id=\"mapConElem_2_68839\" data-id=\"2\" data-view-id=\"2_68839\" > <div class=\"gmpMapDetailsContainer\" id=\"gmpMapDetailsContainer_2_68839\"> <i class=\"gmpKMLLayersPreloader fa fa-spinner fa-spin\" aria-hidden=\"true\" style=\"display: none;\"><\/i> <div class=\"gmp_MapPreview \" id=\"google_map_easy_2_68839\"><\/div> <\/div> <div class=\"gmpMapMarkerFilters\" id=\"gmpMapMarkerFilters_2_68839\"> <\/div> <div class=\"gmpMapProControlsCon\" id=\"gmpMapProControlsCon_2_68839\"> <a title=\"Google Maps Wordpress\" style=\"display:none;\" href=\"https:\/\/supsystic.com\/plugins\/google-maps-plugin\/?utm_medium=love_link_hide\" target=\"_blank\">Google Maps Wordpress<\/a><div style=\"clear: both;\"><\/div> <\/div> <div class=\"gmpMapProDirectionsCon\" id=\"gmpMapProDirectionsCon_2_68839\" > <\/div> <div class=\"gmpMapProKmlFilterCon\" id=\"gmpMapProKmlFilterCon_2_68839\" > <\/div> <div class=\"gmpSocialSharingShell gmpSocialSharingShell_2_68839\"> <\/div> <div style=\"clear: both;\"><\/div> <\/div> [\/vc_column_text][\/vc_column][\/vc_row]\n<\/div>","protected":false},"excerpt":{"rendered":"<p>[vc_row fullwidth=&#8221;true&#8221; fullwidth_content=&#8221;false&#8221; parallax=&#8221;content-moving&#8221; parallax_image=&#8221;2132&#8243; parallax_speed_bg=&#8221;1&#8243; animation=&#8221;fade-in&#8221; css=&#8221;.vc_custom_1535986428255{padding-top: 500px !important;background-color: #000000 !important;}&#8221; el_class=&#8221;top-page&#8221;][vc_column][vc_column_text disable_pattern=&#8221;false&#8221; el_class=&#8221;top-page-wrapper-blanc&#8221; css=&#8221;.vc_custom_1525424651515{margin-bottom: 80px !important;padding-top: 100px !important;padding-right: 16.66666667% !important;padding-bottom: 100px !important;padding-left: 16.66666667% !important;background-color: #ffffff !important;}&#8221;] Valeurs Vision strat\u00e9gique Nexteam s\u2019appuie sur l\u2019expertise technique de ses \u00e9quipes, une excellence industrielle et technologique et un sens du service fond\u00e9s sur des savoir-faire historiques constamment [&hellip;]<\/p>\n","protected":false},"author":11,"featured_media":0,"parent":2428,"menu_order":2,"comment_status":"closed","ping_status":"closed","template":"","meta":{"_acf_changed":false,"footnotes":""},"class_list":["post-2433","page","type-page","status-publish","hentry"],"acf":[],"_links":{"self":[{"href":"https:\/\/www.nexteam-group.com\/en\/wp-json\/wp\/v2\/pages\/2433","targetHints":{"allow":["GET"]}}],"collection":[{"href":"https:\/\/www.nexteam-group.com\/en\/wp-json\/wp\/v2\/pages"}],"about":[{"href":"https:\/\/www.nexteam-group.com\/en\/wp-json\/wp\/v2\/types\/page"}],"author":[{"embeddable":true,"href":"https:\/\/www.nexteam-group.com\/en\/wp-json\/wp\/v2\/users\/11"}],"replies":[{"embeddable":true,"href":"https:\/\/www.nexteam-group.com\/en\/wp-json\/wp\/v2\/comments?post=2433"}],"version-history":[{"count":18,"href":"https:\/\/www.nexteam-group.com\/en\/wp-json\/wp\/v2\/pages\/2433\/revisions"}],"predecessor-version":[{"id":47557,"href":"https:\/\/www.nexteam-group.com\/en\/wp-json\/wp\/v2\/pages\/2433\/revisions\/47557"}],"up":[{"embeddable":true,"href":"https:\/\/www.nexteam-group.com\/en\/wp-json\/wp\/v2\/pages\/2428"}],"wp:attachment":[{"href":"https:\/\/www.nexteam-group.com\/en\/wp-json\/wp\/v2\/media?parent=2433"}],"curies":[{"name":"wp","href":"https:\/\/api.w.org\/{rel}","templated":true}]}}