{"id":2428,"date":"2018-04-11T13:02:52","date_gmt":"2018-04-11T11:02:52","guid":{"rendered":"http:\/\/www.nexteam-group.com\/le-groupe\/"},"modified":"2025-12-05T11:30:00","modified_gmt":"2025-12-05T10:30:00","slug":"thegroup","status":"publish","type":"page","link":"https:\/\/www.nexteam-group.com\/en\/thegroup\/","title":{"rendered":"The group"},"content":{"rendered":"<div class=\"wpb-content-wrapper\">[vc_row fullwidth=&#8221;true&#8221; equal_columns=&#8221;true&#8221; animation=&#8221;fade-in&#8221; el_class=&#8221;groupe-CTA&#8221;][vc_column width=&#8221;1\/2&#8243;]<div tabindex=\"0\" class=\"ult-new-ib ult-ib-effect-style1 groupe-CTA-histoire ult-ib-resp  \" data-min-width=\"768\" data-max-width=\"900\" style=\"background:#000000;\" data-opacity=\"0.2\" data-hover-opacity=\"0.5\" ><img decoding=\"async\" class=\"ult-new-ib-img\" style=\"opacity:0.2;\" alt=\"null\" src=\"https:\/\/www.nexteam-group.com\/wp-content\/uploads\/2018\/06\/groupe-cta-histoire.jpg\"   \/><div id=\"interactive-banner-wrap-4372\" class=\"ult-new-ib-desc\" style=\"\"><h2 class=\"ult-new-ib-title ult-responsive\"  data-ultimate-target='#interactive-banner-wrap-4372 .ult-new-ib-title'  data-responsive-json-new='{\"font-size\":\"\",\"line-height\":\"\"}'  style=\"font-weight:normal;color:#ffffff;\">Histoire<\/h2><div class=\"ult-new-ib-content ult-responsive\"  data-ultimate-target='#interactive-banner-wrap-4372 .ult-new-ib-content'  data-responsive-json-new='{\"font-size\":\"\",\"line-height\":\"\"}'  style=\"font-weight:normal;color:#ffffff;\"><p>Nexteam est un groupe n\u00e9 du rapprochement de nombreuses entreprises familiales sp\u00e9cialis\u00e9es dans la m\u00e9canique de pr\u00e9cision et l\u2019usinage. Implant\u00e9es au plus pr\u00e8s des grands donneurs d\u2019ordre, elles ont acquis une exp\u00e9rience unique. En devenant un groupe solide, efficace , Nexteam offre \u00e0 ses clients et prospects des expertises compl\u00e9mentaires et incarne ainsi un acteur de r\u00e9f\u00e9rence.<\/p><\/div><\/div><a class=\"ult-new-ib-link\" href=\"http:\/\/www.nexteam-group.com\/le-groupe\/histoire\/\"  ><\/a><\/div><div tabindex=\"0\" class=\"ult-new-ib ult-ib-effect-style1 groupe-CTA-engagements ult-ib-resp  \" data-min-width=\"768\" data-max-width=\"900\" style=\"background:#000000;\" data-opacity=\"0.2\" data-hover-opacity=\"0.5\" ><img decoding=\"async\" class=\"ult-new-ib-img\" style=\"opacity:0.2;\" alt=\"null\" src=\"https:\/\/www.nexteam-group.com\/wp-content\/uploads\/2018\/06\/groupe-cta-engagements.jpg\"   \/><div id=\"interactive-banner-wrap-8187\" class=\"ult-new-ib-desc\" style=\"\"><h2 class=\"ult-new-ib-title ult-responsive\"  data-ultimate-target='#interactive-banner-wrap-8187 .ult-new-ib-title'  data-responsive-json-new='{\"font-size\":\"\",\"line-height\":\"\"}'  style=\"font-weight:normal;color:#ffffff;\">Engagements<\/h2><div class=\"ult-new-ib-content ult-responsive\"  data-ultimate-target='#interactive-banner-wrap-8187 .ult-new-ib-content'  data-responsive-json-new='{\"font-size\":\"\",\"line-height\":\"\"}'  style=\"font-weight:normal;color:#ffffff;\"><p>Nexteam inscrit son activit\u00e9 dans une d\u00e9marche de responsabilit\u00e9 soci\u00e9tale, en faveur d&apos;une croissance durable, dans le dialogue avec ses salari\u00e9s et ses parties prenantes, dans le respect de l&apos;environnement.<\/p><\/div><\/div><a class=\"ult-new-ib-link\" href=\"http:\/\/www.nexteam-group.com\/le-groupe\/engagements\/\"  ><\/a><\/div>[\/vc_column][vc_column width=&#8221;1\/2&#8243;]<div tabindex=\"0\" class=\"ult-new-ib ult-ib-effect-style1 groupe-CTA-valeurs ult-ib-resp  \" data-min-width=\"768\" data-max-width=\"900\" style=\"background:#000000;\" data-opacity=\"0.2\" data-hover-opacity=\"0.5\" ><img decoding=\"async\" class=\"ult-new-ib-img\" style=\"opacity:0.2;\" alt=\"null\" src=\"https:\/\/www.nexteam-group.com\/wp-content\/uploads\/2018\/06\/gentilin-79.png\"   \/><div id=\"interactive-banner-wrap-1455\" class=\"ult-new-ib-desc\" style=\"\"><h2 class=\"ult-new-ib-title ult-responsive\"  data-ultimate-target='#interactive-banner-wrap-1455 .ult-new-ib-title'  data-responsive-json-new='{\"font-size\":\"\",\"line-height\":\"\"}'  style=\"font-weight:normal;color:#ffffff;\">Les valeurs<\/h2><div class=\"ult-new-ib-content ult-responsive\"  data-ultimate-target='#interactive-banner-wrap-1455 .ult-new-ib-content'  data-responsive-json-new='{\"font-size\":\"\",\"line-height\":\"\"}'  style=\"font-weight:normal;color:#ffffff;\"><p>Nexteam fait vivre au quotidien des valeurs fondamentales qui f\u00e9d\u00e8rent l&apos;ensemble de ses salari\u00e9s et constituent le socle de sa culture d&apos;entreprise : le service, l&apos;exigence, la solidarit\u00e9 et la bienveillance.<\/p><\/div><\/div><a class=\"ult-new-ib-link\" href=\"http:\/\/www.nexteam-group.com\/le-groupe\/valeurs\/\"  ><\/a><\/div><div tabindex=\"0\" class=\"ult-new-ib ult-ib-effect-style1 groupe-CTA-vision ult-ib-resp  \" data-min-width=\"768\" data-max-width=\"900\" style=\"background:#000000;\" data-opacity=\"0.2\" data-hover-opacity=\"0.5\" ><img decoding=\"async\" class=\"ult-new-ib-img\" style=\"opacity:0.2;\" alt=\"null\" src=\"https:\/\/www.nexteam-group.com\/wp-content\/uploads\/2018\/06\/groupe-cta-vision.jpg\"   \/><div id=\"interactive-banner-wrap-2123\" class=\"ult-new-ib-desc\" style=\"\"><h2 class=\"ult-new-ib-title ult-responsive\"  data-ultimate-target='#interactive-banner-wrap-2123 .ult-new-ib-title'  data-responsive-json-new='{\"font-size\":\"\",\"line-height\":\"\"}'  style=\"font-weight:normal;color:#ffffff;\">La vision strat\u00e9gique<\/h2><div class=\"ult-new-ib-content ult-responsive\"  data-ultimate-target='#interactive-banner-wrap-2123 .ult-new-ib-content'  data-responsive-json-new='{\"font-size\":\"\",\"line-height\":\"\"}'  style=\"font-weight:normal;color:#ffffff;\"><p>Acteur majeur du monde a\u00e9ronautique, Nexteam met en \u0153uvre une strat\u00e9gie de d\u00e9veloppement centr\u00e9e sur le service et la performance pour accompagner ses clients au plus pr\u00e8s de leurs besoins.<\/p><\/div><\/div><a class=\"ult-new-ib-link\" href=\"https:\/\/www.nexteam-group.com\/le-groupe\/valeurs\/\"  ><\/a><\/div>[\/vc_column][\/vc_row][vc_row fullwidth=&#8221;true&#8221; id=&#8221;implantations&#8221; css=&#8221;.vc_custom_1658397676691{margin-top: 50px !important;}&#8221;][vc_column][vc_column_text disable_pattern=&#8221;false&#8221; align=&#8221;center&#8221; animation=&#8221;top-to-bottom&#8221; el_class=&#8221;h2-title&#8221; css=&#8221;.vc_custom_1658396361730{margin-bottom: 0px !important;}&#8221;]\n<h2>Nos implantations<\/h2>\n[\/vc_column_text][vc_row_inner][vc_column_inner][vc_column_text css=&#8221;.vc_custom_1729861647108{margin-bottom: 0px !important;}&#8221;]\n<div class=\"polycontainer\"><style type=\"text\/css\" id=\"gmpMapStyles_2_13903\">\r\n\t#google_map_easy_2_13903 {\r\n        width: 100%;\r\n        height: 500px;\r\n\t\t\t\t\t\t    }\r\n\t#gmapControlsNum_2_13903 {\r\n\t\twidth:100%\t}\r\n\t.gmpMapDetailsContainer#gmpMapDetailsContainer_2_13903 {\r\n\t\theight:500px;\r\n\t}\r\n\t.gmp_MapPreview#google_map_easy_2_13903 {\r\n\t\t\/*position:absolute;*\/\r\n\t\twidth: 100%;\r\n\t}\r\n\t#mapConElem_2_13903{\r\n\t\twidth: 100%\t}\r\n    .gm-style .gm-style-iw-c{\r\n        padding: 12px!important;\r\n    }\r\n\t    <\/style>\r\n <div class=\"gmp_map_opts\" id=\"mapConElem_2_13903\" data-id=\"2\" data-view-id=\"2_13903\" > <div class=\"gmpMapDetailsContainer\" id=\"gmpMapDetailsContainer_2_13903\"> <i class=\"gmpKMLLayersPreloader fa fa-spinner fa-spin\" aria-hidden=\"true\" style=\"display: none;\"><\/i> <div class=\"gmp_MapPreview \" id=\"google_map_easy_2_13903\"><\/div> <\/div> <div class=\"gmpMapMarkerFilters\" id=\"gmpMapMarkerFilters_2_13903\"> <\/div> <div class=\"gmpMapProControlsCon\" id=\"gmpMapProControlsCon_2_13903\"> <a title=\"Google Maps Wordpress\" style=\"display:none;\" href=\"https:\/\/supsystic.com\/plugins\/google-maps-plugin\/?utm_medium=love_link_hide\" target=\"_blank\">Google Maps Wordpress<\/a><div style=\"clear: both;\"><\/div> <\/div> <div class=\"gmpMapProDirectionsCon\" id=\"gmpMapProDirectionsCon_2_13903\" > <\/div> <div class=\"gmpMapProKmlFilterCon\" id=\"gmpMapProKmlFilterCon_2_13903\" > <\/div> <div class=\"gmpSocialSharingShell gmpSocialSharingShell_2_13903\"> <\/div> <div style=\"clear: both;\"><\/div> <\/div> <\/div>\n[\/vc_column_text][\/vc_column_inner][\/vc_row_inner][\/vc_column][\/vc_row][vc_row fullwidth=&#8221;true&#8221; fullwidth_content=&#8221;false&#8221; equal_columns=&#8221;true&#8221; el_class=&#8221;bandeau-partenaires&#8221; css=&#8221;.vc_custom_1729244187062{padding-top: 160px !important;padding-left: 100px !important;}&#8221;][vc_column][vc_column_text disable_pattern=&#8221;false&#8221; align=&#8221;center&#8221; animation=&#8221;top-to-bottom&#8221; el_class=&#8221;h2-title&#8221; css=&#8221;.vc_custom_1523873116472{margin-bottom: 0px !important;}&#8221;]\n<h2>Ils nous font confiance<\/h2>\n[\/vc_column_text]<div id=\"ult-carousel-274600895669dcd1b471d70\" class=\"ult-carousel-wrapper  vc_custom_1523873262868  ult_horizontal\" data-gutter=\"15\" data-rtl=\"false\" ><div class=\"ult-carousel-390778448469dcd1b471d51 \" >[mk_image src=&#8221;https:\/\/www.nexteam-group.com\/wp-content\/uploads\/2024\/10\/safran.jpg&#8221; image_size=&#8221;full&#8221; link=&#8221;https:\/\/www.safran-landing-systems.com\/fr&#8221; align=&#8221;center&#8221; margin_bottom=&#8221;0&#8243; animation=&#8221;fade-in&#8221;][mk_image src=&#8221;https:\/\/www.nexteam-group.com\/wp-content\/uploads\/2024\/10\/airbus.jpg&#8221; image_size=&#8221;full&#8221; link=&#8221;https:\/\/www.airbus.com\/&#8221; align=&#8221;center&#8221; margin_bottom=&#8221;0&#8243; animation=&#8221;fade-in&#8221;][mk_image src=&#8221;https:\/\/www.nexteam-group.com\/wp-content\/uploads\/2024\/10\/dassault-aviation.jpg&#8221; image_size=&#8221;full&#8221; link=&#8221;https:\/\/www.dassault-aviation.com\/fr\/&#8221; align=&#8221;center&#8221; margin_bottom=&#8221;0&#8243; animation=&#8221;fade-in&#8221;][mk_image src=&#8221;https:\/\/www.nexteam-group.com\/wp-content\/uploads\/2024\/10\/heroux-devtek.jpg&#8221; image_size=&#8221;full&#8221; link=&#8221;https:\/\/www.utcaerospacesystems.com\/&#8221; align=&#8221;center&#8221; margin_bottom=&#8221;0&#8243; animation=&#8221;fade-in&#8221;][mk_image src=&#8221;https:\/\/www.nexteam-group.com\/wp-content\/uploads\/2024\/10\/thales.jpg&#8221; image_size=&#8221;full&#8221; link=&#8221;https:\/\/www.thalesgroup.com\/fr&#8221; align=&#8221;center&#8221; margin_bottom=&#8221;0&#8243; animation=&#8221;fade-in&#8221;][mk_image src=&#8221;https:\/\/www.nexteam-group.com\/wp-content\/uploads\/2025\/09\/roxel.jpg&#8221; image_size=&#8221;full&#8221; link=&#8221;https:\/\/www.roxelgroup.com\/&#8221; align=&#8221;center&#8221; margin_bottom=&#8221;0&#8243; animation=&#8221;fade-in&#8221;][mk_image src=&#8221;https:\/\/www.nexteam-group.com\/wp-content\/uploads\/2025\/09\/pratt-whitney.jpg&#8221; image_size=&#8221;full&#8221; link=&#8221;https:\/\/www.lord.com\/&#8221; align=&#8221;center&#8221; margin_bottom=&#8221;0&#8243; animation=&#8221;fade-in&#8221;][mk_image src=&#8221;https:\/\/www.nexteam-group.com\/wp-content\/uploads\/2024\/10\/rolls-royce.jpg&#8221; image_size=&#8221;full&#8221; link=&#8221;http:\/\/www.stelia-aerospace.com\/&#8221; align=&#8221;center&#8221; margin_bottom=&#8221;0&#8243; animation=&#8221;fade-in&#8221;][mk_image src=&#8221;https:\/\/www.nexteam-group.com\/wp-content\/uploads\/2024\/10\/liebherr.jpg&#8221; image_size=&#8221;full&#8221; link=&#8221;https:\/\/www.liebherr.com&#8221; align=&#8221;center&#8221; margin_bottom=&#8221;0&#8243; animation=&#8221;fade-in&#8221;][mk_image src=&#8221;https:\/\/www.nexteam-group.com\/wp-content\/uploads\/2024\/10\/ariane-group.jpg&#8221; image_size=&#8221;full&#8221; link=&#8221;https:\/\/www.safran-group.com\/fr\/&#8221; align=&#8221;center&#8221; margin_bottom=&#8221;0&#8243; animation=&#8221;fade-in&#8221;][mk_image src=&#8221;https:\/\/www.nexteam-group.com\/wp-content\/uploads\/2024\/10\/hutchinson.jpg&#8221; image_size=&#8221;full&#8221; link=&#8221;https:\/\/www.hutchinson.com\/fr&#8221; align=&#8221;center&#8221; margin_bottom=&#8221;0&#8243; animation=&#8221;fade-in&#8221;][mk_image src=&#8221;https:\/\/www.nexteam-group.com\/wp-content\/uploads\/2025\/09\/cea.jpg&#8221; image_size=&#8221;full&#8221; link=&#8221;www.cea.fr&#8221; align=&#8221;center&#8221; margin_bottom=&#8221;0&#8243; animation=&#8221;fade-in&#8221;][mk_image src=&#8221;https:\/\/www.nexteam-group.com\/wp-content\/uploads\/2025\/09\/collins-aerospace.jpg&#8221; image_size=&#8221;full&#8221; link=&#8221;www.cea.fr&#8221; align=&#8221;center&#8221; margin_bottom=&#8221;0&#8243; animation=&#8221;fade-in&#8221;]<\/div><\/div>\t\t\t<script type=\"text\/javascript\">\n\t\t\t\tjQuery(document).ready(function ($) {\n\t\t\t\t\tif( typeof jQuery('.ult-carousel-390778448469dcd1b471d51').slick == \"function\"){\n\t\t\t\t\t\t$('.ult-carousel-390778448469dcd1b471d51').slick({dots: false,autoplay: true,autoplaySpeed: \"5000\",speed: \"300\",infinite: true,arrows: true,nextArrow: '<button type=\"button\" role=\"button\" aria-label=\"Next\" style=\"color:#5a5a5a; font-size:20px;\" class=\"slick-next default\"><i class=\"ultsl-arrow-right6\"><\/i><\/button>',prevArrow: '<button type=\"button\" role=\"button\" aria-label=\"Previous\" style=\"color:#5a5a5a; font-size:20px;\" class=\"slick-prev default\"><i class=\"ultsl-arrow-left6\"><\/i><\/button>',slidesToScroll:5,slidesToShow:5,swipe: true,draggable: true,touchMove: true,pauseOnHover: true,pauseOnFocus: false,responsive: [\n\t\t\t\t\t\t\t{\n\t\t\t\t\t\t\t  breakpoint: 1026,\n\t\t\t\t\t\t\t  settings: {\n\t\t\t\t\t\t\t\tslidesToShow: 5,\n\t\t\t\t\t\t\t\tslidesToScroll: 5,  \n\t\t\t\t\t\t\t  }\n\t\t\t\t\t\t\t},\n\t\t\t\t\t\t\t{\n\t\t\t\t\t\t\t  breakpoint: 1025,\n\t\t\t\t\t\t\t  settings: {\n\t\t\t\t\t\t\t\tslidesToShow: 3,\n\t\t\t\t\t\t\t\tslidesToScroll: 3\n\t\t\t\t\t\t\t  }\n\t\t\t\t\t\t\t},\n\t\t\t\t\t\t\t{\n\t\t\t\t\t\t\t  breakpoint: 760,\n\t\t\t\t\t\t\t  settings: {\n\t\t\t\t\t\t\t\tslidesToShow: 2,\n\t\t\t\t\t\t\t\tslidesToScroll: 2\n\t\t\t\t\t\t\t  }\n\t\t\t\t\t\t\t}\n\t\t\t\t\t\t],pauseOnDotsHover: true,customPaging: function(slider, i) {\n                   return '<i type=\"button\" style= \"color:#333333;\" class=\"ultsl-record\" data-role=\"none\"><\/i>';\n                },});\n\t\t\t\t\t}\n\t\t\t\t});\n\t\t\t<\/script>\n\t\t\t[\/vc_column][\/vc_row]\n<\/div>","protected":false},"excerpt":{"rendered":"<p>[vc_row fullwidth=&#8221;true&#8221; equal_columns=&#8221;true&#8221; animation=&#8221;fade-in&#8221; el_class=&#8221;groupe-CTA&#8221;][vc_column width=&#8221;1\/2&#8243;][\/vc_column][vc_column width=&#8221;1\/2&#8243;][\/vc_column][\/vc_row][vc_row fullwidth=&#8221;true&#8221; id=&#8221;implantations&#8221; css=&#8221;.vc_custom_1658397676691{margin-top: 50px !important;}&#8221;][vc_column][vc_column_text disable_pattern=&#8221;false&#8221; align=&#8221;center&#8221; animation=&#8221;top-to-bottom&#8221; el_class=&#8221;h2-title&#8221; css=&#8221;.vc_custom_1658396361730{margin-bottom: 0px !important;}&#8221;] Nos implantations [\/vc_column_text][vc_row_inner][vc_column_inner][vc_column_text css=&#8221;.vc_custom_1729861647108{margin-bottom: 0px !important;}&#8221;] [\/vc_column_text][\/vc_column_inner][\/vc_row_inner][\/vc_column][\/vc_row][vc_row fullwidth=&#8221;true&#8221; fullwidth_content=&#8221;false&#8221; equal_columns=&#8221;true&#8221; el_class=&#8221;bandeau-partenaires&#8221; css=&#8221;.vc_custom_1729244187062{padding-top: 160px !important;padding-left: 100px !important;}&#8221;][vc_column][vc_column_text disable_pattern=&#8221;false&#8221; align=&#8221;center&#8221; animation=&#8221;top-to-bottom&#8221; el_class=&#8221;h2-title&#8221; css=&#8221;.vc_custom_1523873116472{margin-bottom: 0px !important;}&#8221;] Ils nous font confiance [\/vc_column_text][\/vc_column][\/vc_row]<\/p>\n","protected":false},"author":1,"featured_media":0,"parent":0,"menu_order":1,"comment_status":"closed","ping_status":"closed","template":"","meta":{"_acf_changed":false,"footnotes":""},"class_list":["post-2428","page","type-page","status-publish","hentry"],"acf":[],"_links":{"self":[{"href":"https:\/\/www.nexteam-group.com\/en\/wp-json\/wp\/v2\/pages\/2428","targetHints":{"allow":["GET"]}}],"collection":[{"href":"https:\/\/www.nexteam-group.com\/en\/wp-json\/wp\/v2\/pages"}],"about":[{"href":"https:\/\/www.nexteam-group.com\/en\/wp-json\/wp\/v2\/types\/page"}],"author":[{"embeddable":true,"href":"https:\/\/www.nexteam-group.com\/en\/wp-json\/wp\/v2\/users\/1"}],"replies":[{"embeddable":true,"href":"https:\/\/www.nexteam-group.com\/en\/wp-json\/wp\/v2\/comments?post=2428"}],"version-history":[{"count":8,"href":"https:\/\/www.nexteam-group.com\/en\/wp-json\/wp\/v2\/pages\/2428\/revisions"}],"predecessor-version":[{"id":47574,"href":"https:\/\/www.nexteam-group.com\/en\/wp-json\/wp\/v2\/pages\/2428\/revisions\/47574"}],"wp:attachment":[{"href":"https:\/\/www.nexteam-group.com\/en\/wp-json\/wp\/v2\/media?parent=2428"}],"curies":[{"name":"wp","href":"https:\/\/api.w.org\/{rel}","templated":true}]}}